{"id":9748,"date":"2022-12-13T10:41:02","date_gmt":"2022-12-13T10:41:02","guid":{"rendered":"https:\/\/fibron.com\/privacy-policy\/"},"modified":"2025-02-18T12:45:49","modified_gmt":"2025-02-18T12:45:49","slug":"politica-de-privacidade","status":"publish","type":"page","link":"https:\/\/fibron.com\/pt-br\/politica-de-privacidade","title":{"rendered":"Pol\u00edtica de Privacidade"},"content":{"rendered":"[vc_row type=\"in_container\" full_screen_row_position=\"middle\" column_margin=\"default\" column_direction=\"default\" column_direction_tablet=\"default\" column_direction_phone=\"default\" scene_position=\"center\" text_color=\"dark\" text_align=\"left\" row_border_radius=\"none\" row_border_radius_applies=\"bg\" overflow=\"visible\" overlay_strength=\"0.3\" gradient_direction=\"left_to_right\" shape_divider_position=\"bottom\" bg_image_animation=\"none\"][vc_column column_padding=\"no-extra-padding\" column_padding_tablet=\"inherit\" column_padding_phone=\"inherit\" column_padding_position=\"all\" column_element_direction_desktop=\"default\" column_element_spacing=\"default\" desktop_text_alignment=\"default\" tablet_text_alignment=\"default\" phone_text_alignment=\"default\" background_color_opacity=\"1\" background_hover_color_opacity=\"1\" column_backdrop_filter=\"none\" column_shadow=\"none\" column_border_radius=\"none\" column_link_target=\"_self\" column_position=\"default\" gradient_direction=\"left_to_right\" overlay_strength=\"0.3\" width=\"1\/1\" tablet_width_inherit=\"default\" animation_type=\"default\" bg_image_animation=\"none\" border_type=\"simple\" column_border_width=\"none\" column_border_style=\"solid\"][vc_column_text text_direction=\"default\"]\n<h2 data-start=\"56\" data-end=\"74\">1. INTRODU\u00c7\u00c3O<\/h2>\n<p data-start=\"76\" data-end=\"534\">A Fibron est\u00e1 comprometida em proteger e respeitar sua privacidade. Para os prop\u00f3sitos da legisla\u00e7\u00e3o de prote\u00e7\u00e3o de dados, somos o controlador de dados e processaremos seus dados pessoais de acordo com o Regulamento Geral de Prote\u00e7\u00e3o de Dados (UE) 2016\/679 e as leis nacionais relacionadas ao processamento de dados pessoais. Leia atentamente as informa\u00e7\u00f5es a seguir para entender nossas pr\u00e1ticas em rela\u00e7\u00e3o aos seus dados pessoais e como iremos trat\u00e1-los.<\/p>\n<h2 data-start=\"536\" data-end=\"568\">2. VISITANTES DO NOSSO SITE<\/h2>\n<h3 data-start=\"570\" data-end=\"657\">2.1 Podemos coletar e processar seus dados pessoais nas seguintes circunst\u00e2ncias:<\/h3>\n<h4 data-start=\"659\" data-end=\"671\">2.1.1<\/h4>\n<p data-start=\"672\" data-end=\"997\">Quando voc\u00ea preenche formul\u00e1rios em nosso site (\u201cSite\u201d). Isso inclui seu nome, endere\u00e7o, e-mail e n\u00famero de telefone, que s\u00e3o fornecidos no momento do registro para usar nosso Site, ao solicitar contato sobre nossos produtos ou servi\u00e7os, ao assinar nossa lista de e-mails ou ao solicitar\/assinar nossos produtos e servi\u00e7os.<\/p>\n<h4 data-start=\"999\" data-end=\"1011\">2.1.2<\/h4>\n<p data-start=\"1012\" data-end=\"1257\">Sempre que voc\u00ea nos fornecer informa\u00e7\u00f5es ao relatar um problema em nosso Site, fazer uma reclama\u00e7\u00e3o, uma consulta ou entrar em contato conosco por qualquer outro motivo. Se voc\u00ea nos contatar, poderemos manter um registro dessa correspond\u00eancia.<\/p>\n<h4 data-start=\"1259\" data-end=\"1271\">2.1.3<\/h4>\n<p data-start=\"1272\" data-end=\"1547\">Detalhes sobre suas visitas ao nosso Site, incluindo, mas n\u00e3o se limitando a, dados de tr\u00e1fego, dados de localiza\u00e7\u00e3o, registros da web e outros dados de comunica\u00e7\u00e3o, seja para fins de faturamento ou outros, e os recursos que voc\u00ea acessa (veja a se\u00e7\u00e3o sobre Cookies abaixo).<\/p>\n<h4 data-start=\"1549\" data-end=\"1561\">2.1.4<\/h4>\n<p data-start=\"1562\" data-end=\"1698\">Sempre que voc\u00ea nos fornecer suas informa\u00e7\u00f5es ou quando coletarmos informa\u00e7\u00f5es de voc\u00ea de qualquer outra forma por meio do nosso Site.<\/p>\n<h4 data-start=\"1700\" data-end=\"1712\">2.1.5<\/h4>\n<p data-start=\"1713\" data-end=\"2113\">Podemos coletar informa\u00e7\u00f5es sobre seu dispositivo, incluindo, quando dispon\u00edvel, seu endere\u00e7o de Protocolo de Internet (IP), por raz\u00f5es de prote\u00e7\u00e3o contra fraudes. Tamb\u00e9m podemos coletar informa\u00e7\u00f5es sobre o sistema operacional do seu dispositivo e o tipo de navegador, para compreender melhor como desenvolver nosso site para melhor atender nossos clientes. Isso n\u00e3o identifica voc\u00ea como indiv\u00edduo.<\/p>\n<h4 data-start=\"2115\" data-end=\"2127\">2.1.6<\/h4>\n<p data-start=\"2128\" data-end=\"2597\">Nosso site pode conter links para outros sites de interesse. No entanto, ao usar esses links para sair do nosso site, voc\u00ea deve estar ciente de que n\u00e3o temos controle sobre esses sites. Portanto, n\u00e3o podemos ser respons\u00e1veis pela prote\u00e7\u00e3o e privacidade de qualquer informa\u00e7\u00e3o que voc\u00ea fornecer ao visitar esses sites. Esses sites n\u00e3o s\u00e3o regidos por esta pol\u00edtica de privacidade. Voc\u00ea deve ter cautela e revisar a pol\u00edtica de privacidade aplic\u00e1vel ao site em quest\u00e3o.<\/p>\n<h2 data-start=\"2599\" data-end=\"2630\">3. COMO UTILIZAMOS COOKIES<\/h2>\n<h3 data-start=\"2632\" data-end=\"2641\">3.1<\/h3>\n<p data-start=\"2642\" data-end=\"3317\">Nosso Site usa cookies para diferenci\u00e1-lo de outros usu\u00e1rios. Quando voc\u00ea navega pelo nosso Site, tamb\u00e9m usamos cookies para registrar informa\u00e7\u00f5es estat\u00edsticas que nos permitem melhorar o site. Um cookie de forma alguma nos d\u00e1 acesso ao seu computador ou a qualquer informa\u00e7\u00e3o sobre voc\u00ea, al\u00e9m dos dados que voc\u00ea escolhe compartilhar conosco. Voc\u00ea pode optar por aceitar ou recusar cookies. A maioria dos navegadores aceita cookies automaticamente, mas voc\u00ea pode modificar as configura\u00e7\u00f5es do seu navegador para recus\u00e1-los, se preferir. Para informa\u00e7\u00f5es detalhadas sobre os cookies que usamos e os prop\u00f3sitos para os quais os utilizamos, consulte nossa Pol\u00edtica de Cookies.<\/p>\n<h3 data-start=\"3319\" data-end=\"3405\">3.2 Podemos usar seus dados pessoais para nossos interesses leg\u00edtimos, a fim de:<\/h3>\n<h4 data-start=\"3407\" data-end=\"3419\">3.2.1<\/h4>\n<p data-start=\"3420\" data-end=\"3474\">Fornecer informa\u00e7\u00f5es ou servi\u00e7os que voc\u00ea solicitou.<\/p>\n<h4 data-start=\"3476\" data-end=\"3488\">3.2.2<\/h4>\n<p data-start=\"3489\" data-end=\"3604\">Garantir que o conte\u00fado do nosso Site seja apresentado da maneira mais eficaz para voc\u00ea e para o seu dispositivo.<\/p>\n<h4 data-start=\"3606\" data-end=\"3618\">3.2.3<\/h4>\n<p data-start=\"3619\" data-end=\"3652\">Melhorar nosso Site e servi\u00e7os.<\/p>\n<h4 data-start=\"3654\" data-end=\"3666\">3.2.4<\/h4>\n<p data-start=\"3667\" data-end=\"3742\">Processar e lidar com quaisquer reclama\u00e7\u00f5es ou consultas feitas por voc\u00ea.<\/p>\n<h4 data-start=\"3744\" data-end=\"3756\">3.2.5<\/h4>\n<p data-start=\"3757\" data-end=\"3843\">Entrar em contato com voc\u00ea para fins de marketing, caso tenha se inscrito para isso.<\/p>\n<h2 data-start=\"3845\" data-end=\"3908\">4. BASE LEGAL PARA O PROCESSAMENTO DOS SEUS DADOS PESSOAIS<\/h2>\n<h3 data-start=\"3910\" data-end=\"3919\">4.1<\/h3>\n<p data-start=\"3920\" data-end=\"4059\">Usaremos seus dados pessoais apenas quando permitido por lei. Normalmente, utilizaremos seus dados pessoais nas seguintes circunst\u00e2ncias:<\/p>\n<h4 data-start=\"4061\" data-end=\"4073\">4.1.1<\/h4>\n<p data-start=\"4074\" data-end=\"4126\">Para a execu\u00e7\u00e3o de um contrato celebrado com voc\u00ea.<\/p>\n<h4 data-start=\"4128\" data-end=\"4140\">4.1.2<\/h4>\n<p data-start=\"4141\" data-end=\"4233\">Quando necess\u00e1rio para cumprir uma obriga\u00e7\u00e3o legal ou regulat\u00f3ria \u00e0 qual estamos sujeitos.<\/p>\n<h4 data-start=\"4235\" data-end=\"4247\">4.1.3<\/h4>\n<p data-start=\"4248\" data-end=\"4305\">Quando necess\u00e1rio para proteger seus interesses vitais.<\/p>\n<h4 data-start=\"4307\" data-end=\"4319\">4.1.4<\/h4>\n<p data-start=\"4320\" data-end=\"4460\">Para nossos interesses leg\u00edtimos (conforme descrito nesta pol\u00edtica), desde que seus interesses e direitos fundamentais n\u00e3o os sobreponham.<\/p>\n<h2 data-start=\"4462\" data-end=\"4508\">5. SEU DIREITO DE RETIRAR O CONSENTIMENTO<\/h2>\n<p data-start=\"4510\" data-end=\"4816\">Se voc\u00ea tiver fornecido seu consentimento para a coleta, processamento e transfer\u00eancia de seus dados pessoais, tem o direito legal de retirar esse consentimento em determinadas circunst\u00e2ncias. Para retirar seu consentimento, caso aplic\u00e1vel, entre em contato conosco pelo e-mail: <a rel=\"noopener\" data-start=\"4789\" data-end=\"4813\">website@web22.fibron.com<\/a>.<\/p>\n<h2 data-start=\"4818\" data-end=\"4869\">6. ALTERA\u00c7\u00d5ES NA NOSSA POL\u00cdTICA DE PRIVACIDADE<\/h2>\n<p data-start=\"4871\" data-end=\"5526\">Reservamo-nos o direito de atualizar esta pol\u00edtica de privacidade a qualquer momento. Quaisquer altera\u00e7\u00f5es feitas ser\u00e3o publicadas nesta p\u00e1gina. Caso haja altera\u00e7\u00f5es significativas que afetem a maneira como coletamos, armazenamos ou processamos seus dados pessoais, notificaremos voc\u00ea. Se desejarmos usar seus dados pessoais previamente coletados para fins diferentes dos informados no momento da coleta, forneceremos um aviso e, quando exigido por lei, solicitaremos seu consentimento antes de utiliz\u00e1-los para novos fins. Poderemos processar seus dados pessoais sem seu conhecimento ou consentimento quando exigido por lei ou regulamenta\u00e7\u00e3o aplic\u00e1vel.<\/p>\n<h2 data-start=\"5528\" data-end=\"5565\">7. COOKIES UTILIZADOS NESTE SITE<\/h2>\n<p data-start=\"5567\" data-end=\"5652\">A tabela abaixo lista os cookies que coletamos e as informa\u00e7\u00f5es que eles armazenam:<\/p>\n<table data-start=\"5654\" data-end=\"6170\">\n<thead data-start=\"5654\" data-end=\"5688\">\n<tr data-start=\"5654\" data-end=\"5688\">\n<th data-start=\"5654\" data-end=\"5675\"><strong data-start=\"5656\" data-end=\"5674\">Nome do Cookie<\/strong><\/th>\n<th data-start=\"5675\" data-end=\"5688\"><strong data-start=\"5677\" data-end=\"5684\">Uso<\/strong><\/th>\n<\/tr>\n<\/thead>\n<tbody data-start=\"5722\" data-end=\"6170\">\n<tr data-start=\"5722\" data-end=\"5864\">\n<td>__UTMA<\/td>\n<td>Google Analytics \u2013 Registra o n\u00famero de visitas de cada usu\u00e1rio, a hora da primeira visita, a visita anterior e a visita atual.<\/td>\n<\/tr>\n<tr data-start=\"5865\" data-end=\"5959\">\n<td>__UTMB<\/td>\n<td>Google Analytics \u2013 Usado para medir o tempo que um visitante permanece no site.<\/td>\n<\/tr>\n<tr data-start=\"5960\" data-end=\"6054\">\n<td>__UTMC<\/td>\n<td>Google Analytics \u2013 Usado para medir o tempo que um visitante permanece no site.<\/td>\n<\/tr>\n<tr data-start=\"6055\" data-end=\"6170\">\n<td>__UTMZ<\/td>\n<td>Google Analytics \u2013 Armazena a origem do visitante (motor de busca, palavra-chave de pesquisa, link).<\/td>\n<\/tr>\n<\/tbody>\n<\/table>\n<h2 data-start=\"6172\" data-end=\"6206\">8. COMO DESATIVAR OS COOKIES?<\/h2>\n<p data-start=\"6208\" data-end=\"6375\">Para optar por n\u00e3o ser rastreado pelo Google Analytics em todos os sites, visite: <a href=\"http:\/\/tools.google.com\/dlpage\/gaoptout\" target=\"_new\" rel=\"noopener\" data-start=\"6290\" data-end=\"6372\">http:\/\/tools.google.com\/dlpage\/gaoptout<\/a>.<\/p>\n<p data-start=\"6377\" data-end=\"6588\">Para desativar completamente os cookies em nosso site, voc\u00ea precisar\u00e1 alterar as configura\u00e7\u00f5es do seu navegador. No entanto, esteja ciente de que isso pode impossibilitar a realiza\u00e7\u00e3o de pedidos em nosso site.<\/p>\n<p data-start=\"6590\" data-end=\"6764\">Instru\u00e7\u00f5es completas para todos os navegadores podem ser encontradas em: <a href=\"http:\/\/www.aboutcookies.org\/default.aspx?page=1\" target=\"_new\" rel=\"noopener\" data-start=\"6663\" data-end=\"6761\">http:\/\/www.aboutcookies.org\/default.aspx?page=1<\/a>.<\/p>\n<h2 data-start=\"6766\" data-end=\"6798\">9. ENTRE EM CONTATO CONOSCO<\/h2>\n<p data-start=\"6800\" data-end=\"6968\">Se voc\u00ea tiver d\u00favidas, coment\u00e1rios ou solicita\u00e7\u00f5es sobre esta pol\u00edtica ou sobre como utilizamos seus dados pessoais, entre em contato pelo e-mail: <a rel=\"noopener\" data-start=\"6947\" data-end=\"6965\">website@fibron.com<\/a>.<\/p>\n<p data-start=\"6970\" data-end=\"7196\">Caso n\u00e3o esteja satisfeito com nossa resposta, voc\u00ea tamb\u00e9m tem o direito de entrar em contato com o Information Commissioner\u2019s Office pelo site: <a href=\"https:\/\/ico.org.uk\/global\/contact-us\/\" target=\"_new\" rel=\"noopener\" data-start=\"7115\" data-end=\"7193\">https:\/\/ico.org.uk\/global\/contact-us\/<\/a>.<\/p>\n[\/vc_column_text][\/vc_column][\/vc_row]\n","protected":false},"excerpt":{"rendered":"<p>[vc_row type=\"in_container\" full_screen_row_position=\"middle\" column_margin=\"default\" column_direction=\"default\" column_direction_tablet=\"default\" column_direction_phone=\"default\" scene_position=\"center\" text_color=\"dark\" text_align=\"left\" row_border_radius=\"none\" row_border_radius_applies=\"bg\" overflow=\"visible\" overlay_strength=\"0.3\" gradient_direction=\"left_to_right\" shape_divider_position=\"bottom\" bg_image_animation=\"none\"][vc_column column_padding=\"no-extra-padding\" column_padding_tablet=\"inherit\" column_padding_phone=\"inherit\" column_padding_position=\"all\" column_element_direction_desktop=\"default\" column_element_spacing=\"default\" desktop_text_alignment=\"default\" tablet_text_alignment=\"default\" phone_text_alignment=\"default\" background_color_opacity=\"1\" background_hover_color_opacity=\"1\" column_backdrop_filter=\"none\" column_shadow=\"none\"&#8230;<\/p>\n","protected":false},"author":4,"featured_media":0,"parent":0,"menu_order":0,"comment_status":"closed","ping_status":"closed","template":"","meta":{"footnotes":""},"class_list":["post-9748","page","type-page","status-publish"],"yoast_head":"<!-- This site is optimized with the Yoast SEO plugin v24.6 - https:\/\/yoast.com\/wordpress\/plugins\/seo\/ -->\n<title>Pol\u00edtica de Privacidade | Como tratamos os dados | Fibron<\/title>\n<meta name=\"robots\" content=\"index, follow, max-snippet:-1, max-image-preview:large, max-video-preview:-1\" \/>\n<link rel=\"canonical\" href=\"https:\/\/fibron.com\/pt-br\/politica-de-privacidade\" \/>\n<meta property=\"og:locale\" content=\"pt_BR\" \/>\n<meta property=\"og:type\" content=\"article\" \/>\n<meta property=\"og:title\" content=\"Pol\u00edtica de Privacidade | Como tratamos os dados | Fibron\" \/>\n<meta property=\"og:description\" content=\"[vc_row type=&quot;in_container&quot; full_screen_row_position=&quot;middle&quot; column_margin=&quot;default&quot; column_direction=&quot;default&quot; column_direction_tablet=&quot;default&quot; column_direction_phone=&quot;default&quot; scene_position=&quot;center&quot; text_color=&quot;dark&quot; text_align=&quot;left&quot; row_border_radius=&quot;none&quot; row_border_radius_applies=&quot;bg&quot; overflow=&quot;visible&quot; overlay_strength=&quot;0.3&quot; gradient_direction=&quot;left_to_right&quot; shape_divider_position=&quot;bottom&quot; bg_image_animation=&quot;none&quot;][vc_column column_padding=&quot;no-extra-padding&quot; column_padding_tablet=&quot;inherit&quot; column_padding_phone=&quot;inherit&quot; column_padding_position=&quot;all&quot; column_element_direction_desktop=&quot;default&quot; column_element_spacing=&quot;default&quot; desktop_text_alignment=&quot;default&quot; tablet_text_alignment=&quot;default&quot; phone_text_alignment=&quot;default&quot; background_color_opacity=&quot;1&quot; background_hover_color_opacity=&quot;1&quot; column_backdrop_filter=&quot;none&quot; column_shadow=&quot;none&quot;...\" \/>\n<meta property=\"og:url\" content=\"https:\/\/fibron.com\/pt-br\/politica-de-privacidade\" \/>\n<meta property=\"og:site_name\" content=\"Fibron\" \/>\n<meta property=\"article:publisher\" content=\"https:\/\/www.facebook.com\/profile.php?id=100063939133274\" \/>\n<meta property=\"article:modified_time\" content=\"2025-02-18T12:45:49+00:00\" \/>\n<meta name=\"twitter:card\" content=\"summary_large_image\" \/>\n<meta name=\"twitter:label1\" content=\"Est. tempo de leitura\" \/>\n\t<meta name=\"twitter:data1\" content=\"5 minutos\" \/>\n<script type=\"application\/ld+json\" class=\"yoast-schema-graph\">{\"@context\":\"https:\/\/schema.org\",\"@graph\":[{\"@type\":\"WebPage\",\"@id\":\"https:\/\/fibron.com\/pt-br\/politica-de-privacidade\",\"url\":\"https:\/\/fibron.com\/pt-br\/politica-de-privacidade\",\"name\":\"Pol\u00edtica de Privacidade | Como tratamos os dados | Fibron\",\"isPartOf\":{\"@id\":\"https:\/\/fibron.com\/pt-br#website\"},\"datePublished\":\"2022-12-13T10:41:02+00:00\",\"dateModified\":\"2025-02-18T12:45:49+00:00\",\"breadcrumb\":{\"@id\":\"https:\/\/fibron.com\/pt-br\/politica-de-privacidade#breadcrumb\"},\"inLanguage\":\"pt-BR\",\"potentialAction\":[{\"@type\":\"ReadAction\",\"target\":[\"https:\/\/fibron.com\/pt-br\/politica-de-privacidade\"]}]},{\"@type\":\"BreadcrumbList\",\"@id\":\"https:\/\/fibron.com\/pt-br\/politica-de-privacidade#breadcrumb\",\"itemListElement\":[{\"@type\":\"ListItem\",\"position\":1,\"name\":\"Home\",\"item\":\"https:\/\/fibron.com\/pt-br\"},{\"@type\":\"ListItem\",\"position\":2,\"name\":\"Pol\u00edtica de Privacidade\"}]},{\"@type\":\"WebSite\",\"@id\":\"https:\/\/fibron.com\/pt-br#website\",\"url\":\"https:\/\/fibron.com\/pt-br\",\"name\":\"Fibron\",\"description\":\"Manufacturers of custom cables for oil &amp; gas industry\",\"publisher\":{\"@id\":\"https:\/\/fibron.com\/pt-br#organization\"},\"potentialAction\":[{\"@type\":\"SearchAction\",\"target\":{\"@type\":\"EntryPoint\",\"urlTemplate\":\"https:\/\/fibron.com\/pt-br?s={search_term_string}\"},\"query-input\":{\"@type\":\"PropertyValueSpecification\",\"valueRequired\":true,\"valueName\":\"search_term_string\"}}],\"inLanguage\":\"pt-BR\"},{\"@type\":\"Organization\",\"@id\":\"https:\/\/fibron.com\/pt-br#organization\",\"name\":\"Fibron\",\"url\":\"https:\/\/fibron.com\/pt-br\",\"logo\":{\"@type\":\"ImageObject\",\"inLanguage\":\"pt-BR\",\"@id\":\"https:\/\/fibron.com\/pt-br#\/schema\/logo\/image\/\",\"url\":\"https:\/\/fibron202401.buildingsite.dev\/wp-content\/uploads\/2022\/12\/fibron-favicon.png\",\"contentUrl\":\"https:\/\/fibron202401.buildingsite.dev\/wp-content\/uploads\/2022\/12\/fibron-favicon.png\",\"width\":512,\"height\":512,\"caption\":\"Fibron\"},\"image\":{\"@id\":\"https:\/\/fibron.com\/pt-br#\/schema\/logo\/image\/\"},\"sameAs\":[\"https:\/\/www.facebook.com\/profile.php?id=100063939133274\",\"https:\/\/uk.linkedin.com\/company\/fibron-b-x-ltd\"]}]}<\/script>\n<!-- \/ Yoast SEO plugin. -->","yoast_head_json":{"title":"Pol\u00edtica de Privacidade | Como tratamos os dados | Fibron","robots":{"index":"index","follow":"follow","max-snippet":"max-snippet:-1","max-image-preview":"max-image-preview:large","max-video-preview":"max-video-preview:-1"},"canonical":"https:\/\/fibron.com\/pt-br\/politica-de-privacidade","og_locale":"pt_BR","og_type":"article","og_title":"Pol\u00edtica de Privacidade | Como tratamos os dados | Fibron","og_description":"[vc_row type=\"in_container\" full_screen_row_position=\"middle\" column_margin=\"default\" column_direction=\"default\" column_direction_tablet=\"default\" column_direction_phone=\"default\" scene_position=\"center\" text_color=\"dark\" text_align=\"left\" row_border_radius=\"none\" row_border_radius_applies=\"bg\" overflow=\"visible\" overlay_strength=\"0.3\" gradient_direction=\"left_to_right\" shape_divider_position=\"bottom\" bg_image_animation=\"none\"][vc_column column_padding=\"no-extra-padding\" column_padding_tablet=\"inherit\" column_padding_phone=\"inherit\" column_padding_position=\"all\" column_element_direction_desktop=\"default\" column_element_spacing=\"default\" desktop_text_alignment=\"default\" tablet_text_alignment=\"default\" phone_text_alignment=\"default\" background_color_opacity=\"1\" background_hover_color_opacity=\"1\" column_backdrop_filter=\"none\" column_shadow=\"none\"...","og_url":"https:\/\/fibron.com\/pt-br\/politica-de-privacidade","og_site_name":"Fibron","article_publisher":"https:\/\/www.facebook.com\/profile.php?id=100063939133274","article_modified_time":"2025-02-18T12:45:49+00:00","twitter_card":"summary_large_image","twitter_misc":{"Est. tempo de leitura":"5 minutos"},"schema":{"@context":"https:\/\/schema.org","@graph":[{"@type":"WebPage","@id":"https:\/\/fibron.com\/pt-br\/politica-de-privacidade","url":"https:\/\/fibron.com\/pt-br\/politica-de-privacidade","name":"Pol\u00edtica de Privacidade | Como tratamos os dados | Fibron","isPartOf":{"@id":"https:\/\/fibron.com\/pt-br#website"},"datePublished":"2022-12-13T10:41:02+00:00","dateModified":"2025-02-18T12:45:49+00:00","breadcrumb":{"@id":"https:\/\/fibron.com\/pt-br\/politica-de-privacidade#breadcrumb"},"inLanguage":"pt-BR","potentialAction":[{"@type":"ReadAction","target":["https:\/\/fibron.com\/pt-br\/politica-de-privacidade"]}]},{"@type":"BreadcrumbList","@id":"https:\/\/fibron.com\/pt-br\/politica-de-privacidade#breadcrumb","itemListElement":[{"@type":"ListItem","position":1,"name":"Home","item":"https:\/\/fibron.com\/pt-br"},{"@type":"ListItem","position":2,"name":"Pol\u00edtica de Privacidade"}]},{"@type":"WebSite","@id":"https:\/\/fibron.com\/pt-br#website","url":"https:\/\/fibron.com\/pt-br","name":"Fibron","description":"Manufacturers of custom cables for oil &amp; gas industry","publisher":{"@id":"https:\/\/fibron.com\/pt-br#organization"},"potentialAction":[{"@type":"SearchAction","target":{"@type":"EntryPoint","urlTemplate":"https:\/\/fibron.com\/pt-br?s={search_term_string}"},"query-input":{"@type":"PropertyValueSpecification","valueRequired":true,"valueName":"search_term_string"}}],"inLanguage":"pt-BR"},{"@type":"Organization","@id":"https:\/\/fibron.com\/pt-br#organization","name":"Fibron","url":"https:\/\/fibron.com\/pt-br","logo":{"@type":"ImageObject","inLanguage":"pt-BR","@id":"https:\/\/fibron.com\/pt-br#\/schema\/logo\/image\/","url":"https:\/\/fibron202401.buildingsite.dev\/wp-content\/uploads\/2022\/12\/fibron-favicon.png","contentUrl":"https:\/\/fibron202401.buildingsite.dev\/wp-content\/uploads\/2022\/12\/fibron-favicon.png","width":512,"height":512,"caption":"Fibron"},"image":{"@id":"https:\/\/fibron.com\/pt-br#\/schema\/logo\/image\/"},"sameAs":["https:\/\/www.facebook.com\/profile.php?id=100063939133274","https:\/\/uk.linkedin.com\/company\/fibron-b-x-ltd"]}]}},"_links":{"self":[{"href":"https:\/\/fibron.com\/pt-br\/wp-json\/wp\/v2\/pages\/9748","targetHints":{"allow":["GET"]}}],"collection":[{"href":"https:\/\/fibron.com\/pt-br\/wp-json\/wp\/v2\/pages"}],"about":[{"href":"https:\/\/fibron.com\/pt-br\/wp-json\/wp\/v2\/types\/page"}],"author":[{"embeddable":true,"href":"https:\/\/fibron.com\/pt-br\/wp-json\/wp\/v2\/users\/4"}],"replies":[{"embeddable":true,"href":"https:\/\/fibron.com\/pt-br\/wp-json\/wp\/v2\/comments?post=9748"}],"version-history":[{"count":3,"href":"https:\/\/fibron.com\/pt-br\/wp-json\/wp\/v2\/pages\/9748\/revisions"}],"predecessor-version":[{"id":10610,"href":"https:\/\/fibron.com\/pt-br\/wp-json\/wp\/v2\/pages\/9748\/revisions\/10610"}],"wp:attachment":[{"href":"https:\/\/fibron.com\/pt-br\/wp-json\/wp\/v2\/media?parent=9748"}],"curies":[{"name":"wp","href":"https:\/\/api.w.org\/{rel}","templated":true}]}}