{"id":9747,"date":"2022-12-13T10:41:02","date_gmt":"2022-12-13T10:41:02","guid":{"rendered":"https:\/\/fibron.com\/privacy-policy\/"},"modified":"2025-07-22T12:40:52","modified_gmt":"2025-07-22T11:40:52","slug":"personvernerklaering","status":"publish","type":"page","link":"https:\/\/fibron.com\/no\/personvernerklaering","title":{"rendered":"Personvern"},"content":{"rendered":"[vc_row type=&raquo;in_container&raquo; full_screen_row_position=&raquo;middle&raquo; column_margin=&raquo;default&raquo; column_direction=&raquo;default&raquo; column_direction_tablet=&raquo;default&raquo; column_direction_phone=&raquo;default&raquo; scene_position=&raquo;center&raquo; text_color=&raquo;dark&raquo; text_align=&raquo;left&raquo; row_border_radius=&raquo;none&raquo; row_border_radius_applies=&raquo;bg&raquo; overflow=&raquo;visible&raquo; overlay_strength=&raquo;0.3\" gradient_direction=&raquo;left_to_right&raquo; shape_divider_position=&raquo;bottom&raquo; bg_image_animation=&raquo;none&raquo;][vc_column column_padding=&raquo;no-extra-padding&raquo; column_padding_tablet=&raquo;inherit&raquo; column_padding_phone=&raquo;inherit&raquo; column_padding_position=&raquo;all&raquo; column_element_direction_desktop=&raquo;default&raquo; column_element_spacing=&raquo;default&raquo; desktop_text_alignment=&raquo;default&raquo; tablet_text_alignment=&raquo;default&raquo; phone_text_alignment=&raquo;default&raquo; background_color_opacity=&raquo;1\" background_hover_color_opacity=&raquo;1\" column_backdrop_filter=&raquo;none&raquo; column_shadow=&raquo;none&raquo; column_border_radius=&raquo;none&raquo; column_link_target=&raquo;_self&raquo; column_position=&raquo;default&raquo; gradient_direction=&raquo;left_to_right&raquo; overlay_strength=&raquo;0.3\" width=&raquo;1\/1\" tablet_width_inherit=&raquo;default&raquo; animation_type=&raquo;default&raquo; bg_image_animation=&raquo;none&raquo; border_type=&raquo;simple&raquo; column_border_width=&raquo;none&raquo; column_border_style=&raquo;solid&raquo;][vc_column_text text_direction=&raquo;default&raquo;]\n<ol start=\"1\" data-spread=\"false\" data-pm-slice=\"3 1 []\">\n<li>INNLEDNING<\/li>\n<\/ol>\n<p>Fibron er forpliktet til \u00e5 beskytte og respektere ditt personvern. For form\u00e5lene til lovgivning om databeskyttelse er vi behandlingsansvarlig for data, og vi vil behandle dine personopplysninger i samsvar med General Data Protection Regulation (EU) 2016\/679 og nasjonale lover som regulerer behandling av personopplysninger. Vennligst les f\u00f8lgende n\u00f8ye for \u00e5 forst\u00e5 v\u00e5re synspunkter og praksis ang\u00e5ende dine personopplysninger og hvordan vi vil behandle dem.<\/p>\n<ol start=\"2\" data-spread=\"false\">\n<li>BES\u00d8KENDE P\u00c5 V\u00c5R NETTSIDE<\/li>\n<\/ol>\n<p>2.1 Vi kan samle inn og behandle personopplysninger om deg i f\u00f8lgende tilfeller:<\/p>\n<p>2.1.1 n\u00e5r du fyller ut skjemaer p\u00e5 v\u00e5r nettside (\u201cNettside\u201d). Dette inkluderer ditt navn, adresse, e-post og telefonnummer, som oppgis ved registrering for \u00e5 bruke v\u00e5r Nettside, n\u00e5r du ber oss om \u00e5 kontakte deg ang\u00e5ende v\u00e5re varer eller tjenester, abonnerer p\u00e5 v\u00e5rt nyhetsbrev eller bestiller\/tjenester;<\/p>\n<p>2.1.2 n\u00e5r du gir oss informasjon ved rapportering av et problem med v\u00e5r Nettside, sender en klage, en foresp\u00f8rsel eller kontakter oss av en annen grunn. Hvis du kontakter oss, kan vi lagre en kopi av denne korrespondansen;<\/p>\n<p>2.1.3 detaljer om dine bes\u00f8k p\u00e5 v\u00e5r Nettside, inkludert, men ikke begrenset til, trafikkdata, stedsdata, weblogger og annen kommunikasjonsdata, enten dette er p\u00e5krevd for v\u00e5re faktureringsform\u00e5l eller annet, samt hvilke ressurser du har tilgang til (se avsnittet om informasjonskapsler nedenfor);<\/p>\n<p>2.1.4 n\u00e5r du oppgir informasjon til oss, eller vi samler inn informasjon fra deg p\u00e5 annen m\u00e5te via v\u00e5r Nettside.<\/p>\n<p>2.1.5 Vi kan samle inn informasjon om din enhet, inkludert din IP-adresse, for \u00e5 beskytte mot svindel. Vi kan ogs\u00e5 samle inn informasjon om operativsystemet og nettlesertypen din for \u00e5 bedre forst\u00e5 hvordan vi kan utvikle v\u00e5r nettside for \u00e5 betjene kundene bedre. Dette identifiserer deg ikke som enkeltperson.<\/p>\n<p>2.1.6 V\u00e5r nettside kan inneholde lenker til andre nettsider av interesse. Imidlertid, n\u00e5r du bruker disse lenkene for \u00e5 forlate v\u00e5r nettside, b\u00f8r du v\u00e6re oppmerksom p\u00e5 at vi ikke har noen kontroll over disse nettsidene. Derfor kan vi ikke v\u00e6re ansvarlige for beskyttelsen og personvernet av informasjon du oppgir mens du bes\u00f8ker slike nettsteder. Slike nettsteder er ikke underlagt denne personvernerkl\u00e6ringen. Du b\u00f8r v\u00e6re forsiktig og lese personvernerkl\u00e6ringen som gjelder for den aktuelle nettsiden.<\/p>\n<ol start=\"3\" data-spread=\"false\">\n<li>HVORDAN VI BRUKER INFORMASJONSKAPSLER<\/li>\n<\/ol>\n<p>3.1 V\u00e5r Nettside bruker informasjonskapsler for \u00e5 skille deg fra andre brukere av Nettsiden. N\u00e5r du bruker v\u00e5r Nettside, bruker vi ogs\u00e5 informasjonskapsler for \u00e5 loggf\u00f8re statistisk informasjon som hjelper oss \u00e5 forbedre nettstedet. En informasjonskapsel gir oss ingen tilgang til datamaskinen din eller annen informasjon om deg enn det du velger \u00e5 dele med oss. Du kan velge \u00e5 godta eller avvise informasjonskapsler. De fleste nettlesere godtar automatisk informasjonskapsler, men du kan endre nettleserinnstillingene dine for \u00e5 avvise dem om du foretrekker det. For detaljert informasjon om informasjonskapslene vi bruker, og form\u00e5lene vi bruker dem til, se v\u00e5r Informasjonskapselpolicy.<\/p>\n<p>3.2 Vi kan bruke dine personopplysninger for v\u00e5re legitime interesser for \u00e5:<\/p>\n<p>3.2.1 gi deg informasjon eller tjenester som du har bedt om;<\/p>\n<p>3.2.2 sikre at innholdet fra v\u00e5r Nettside presenteres p\u00e5 den mest effektive m\u00e5ten for deg og din enhet;<\/p>\n<p>3.2.3 forbedre v\u00e5r Nettside og tjenester;<\/p>\n<p>3.2.4 behandle og h\u00e5ndtere eventuelle klager eller foresp\u00f8rsler fra deg; og<\/p>\n<p>3.2.5 kontakte deg for markedsf\u00f8ringsform\u00e5l der du har meldt deg p\u00e5 dette.<\/p>\n<ol start=\"4\" data-spread=\"false\">\n<li>RETTSLIG GRUNNLAG FOR BEHANDLING AV DINE PERSONOPPLYSNINGER<\/li>\n<\/ol>\n<p>4.1 Vi vil kun bruke dine personopplysninger der loven tillater det. Vanligvis vil vi bruke dine personopplysninger i f\u00f8lgende tilfeller:<\/p>\n<p>4.1.1 for \u00e5 oppfylle en kontrakt vi inng\u00e5r med deg;<\/p>\n<p>4.1.2 n\u00e5r det er n\u00f8dvendig for \u00e5 overholde en juridisk eller regulatorisk forpliktelse vi er underlagt;<\/p>\n<p>4.1.3 n\u00e5r det er n\u00f8dvendig for \u00e5 beskytte dine vitale interesser; og<\/p>\n<p>4.1.4 for v\u00e5re legitime interesser (som beskrevet i denne policyen), forutsatt at dine interesser og grunnleggende rettigheter ikke overstyrer disse interessene.<\/p>\n<ol start=\"5\" data-spread=\"false\">\n<li>DIN RETT TIL \u00c5 TREKKE TILBAKE SAMTYKKE<\/li>\n<\/ol>\n<p>Dersom du har gitt ditt samtykke til innsamling, behandling og overf\u00f8ring av dine personopplysninger, har du rett til \u00e5 trekke tilbake ditt samtykke under visse omstendigheter. For \u00e5 trekke tilbake ditt samtykke, hvis aktuelt, vennligst kontakt oss p\u00e5 <a>website@web22.fibron.com<\/a>.<\/p>\n<ol start=\"6\" data-spread=\"false\">\n<li>ENDRINGER I V\u00c5R PERSONVERNERKL\u00c6RING<\/li>\n<\/ol>\n<p>Vi forbeholder oss retten til \u00e5 oppdatere denne personvernerkl\u00e6ringen n\u00e5r som helst. Eventuelle endringer vil bli publisert p\u00e5 denne siden.<\/p>\n<ol start=\"7\" data-spread=\"false\">\n<li>KONTAKT OSS<\/li>\n<\/ol>\n<p>Hvis du har sp\u00f8rsm\u00e5l eller kommentarer om denne policyen, vennligst kontakt oss via e-post p\u00e5 <a>website@fibron.com<\/a>.[\/vc_column_text][\/vc_column][\/vc_row]\n","protected":false},"excerpt":{"rendered":"<p>[vc_row type=&raquo;in_container&raquo; full_screen_row_position=&raquo;middle&raquo; column_margin=&raquo;default&raquo; column_direction=&raquo;default&raquo; column_direction_tablet=&raquo;default&raquo; column_direction_phone=&raquo;default&raquo; scene_position=&raquo;center&raquo; text_color=&raquo;dark&raquo; text_align=&raquo;left&raquo; row_border_radius=&raquo;none&raquo; row_border_radius_applies=&raquo;bg&raquo; overflow=&raquo;visible&raquo; overlay_strength=&raquo;0.3\" gradient_direction=&raquo;left_to_right&raquo; shape_divider_position=&raquo;bottom&raquo; bg_image_animation=&raquo;none&raquo;][vc_column column_padding=&raquo;no-extra-padding&raquo; column_padding_tablet=&raquo;inherit&raquo; column_padding_phone=&raquo;inherit&raquo; column_padding_position=&raquo;all&raquo; column_element_direction_desktop=&raquo;default&raquo; column_element_spacing=&raquo;default&raquo; desktop_text_alignment=&raquo;default&raquo; tablet_text_alignment=&raquo;default&raquo; phone_text_alignment=&raquo;default&raquo; background_color_opacity=&raquo;1\" background_hover_color_opacity=&raquo;1\" column_backdrop_filter=&raquo;none&raquo; column_shadow=&raquo;none&raquo;&#8230;<\/p>\n","protected":false},"author":4,"featured_media":0,"parent":0,"menu_order":0,"comment_status":"closed","ping_status":"closed","template":"","meta":{"footnotes":""},"class_list":["post-9747","page","type-page","status-publish"],"yoast_head":"<!-- This site is optimized with the Yoast SEO plugin v24.6 - https:\/\/yoast.com\/wordpress\/plugins\/seo\/ -->\n<title>Personvernerkl\u00e6ring | Hvordan vi h\u00e5ndterer data | Fibron<\/title>\n<meta name=\"robots\" content=\"index, follow, max-snippet:-1, max-image-preview:large, max-video-preview:-1\" \/>\n<link rel=\"canonical\" href=\"https:\/\/fibron.com\/no\/personvernerklaering\" \/>\n<meta property=\"og:locale\" content=\"nb_NO\" \/>\n<meta property=\"og:type\" content=\"article\" \/>\n<meta property=\"og:title\" content=\"Personvernerkl\u00e6ring | Hvordan vi h\u00e5ndterer data | Fibron\" \/>\n<meta property=\"og:description\" content=\"[vc_row type=&raquo;in_container&raquo; full_screen_row_position=&raquo;middle&raquo; column_margin=&raquo;default&raquo; column_direction=&raquo;default&raquo; column_direction_tablet=&raquo;default&raquo; column_direction_phone=&raquo;default&raquo; scene_position=&raquo;center&raquo; text_color=&raquo;dark&raquo; text_align=&raquo;left&raquo; row_border_radius=&raquo;none&raquo; row_border_radius_applies=&raquo;bg&raquo; overflow=&raquo;visible&raquo; overlay_strength=&raquo;0.3&quot; gradient_direction=&raquo;left_to_right&raquo; shape_divider_position=&raquo;bottom&raquo; bg_image_animation=&raquo;none&raquo;][vc_column column_padding=&raquo;no-extra-padding&raquo; column_padding_tablet=&raquo;inherit&raquo; column_padding_phone=&raquo;inherit&raquo; column_padding_position=&raquo;all&raquo; column_element_direction_desktop=&raquo;default&raquo; column_element_spacing=&raquo;default&raquo; desktop_text_alignment=&raquo;default&raquo; tablet_text_alignment=&raquo;default&raquo; phone_text_alignment=&raquo;default&raquo; background_color_opacity=&raquo;1&quot; background_hover_color_opacity=&raquo;1&quot; column_backdrop_filter=&raquo;none&raquo; column_shadow=&raquo;none&raquo;...\" \/>\n<meta property=\"og:url\" content=\"https:\/\/fibron.com\/no\/personvernerklaering\" \/>\n<meta property=\"og:site_name\" content=\"Fibron\" \/>\n<meta property=\"article:publisher\" content=\"https:\/\/www.facebook.com\/profile.php?id=100063939133274\" \/>\n<meta property=\"article:modified_time\" content=\"2025-07-22T11:40:52+00:00\" \/>\n<meta name=\"twitter:card\" content=\"summary_large_image\" \/>\n<meta name=\"twitter:label1\" content=\"Ansl. lesetid\" \/>\n\t<meta name=\"twitter:data1\" content=\"4 minutter\" \/>\n<script type=\"application\/ld+json\" class=\"yoast-schema-graph\">{\"@context\":\"https:\/\/schema.org\",\"@graph\":[{\"@type\":\"WebPage\",\"@id\":\"https:\/\/fibron.com\/no\/personvernerklaering\",\"url\":\"https:\/\/fibron.com\/no\/personvernerklaering\",\"name\":\"Personvernerkl\u00e6ring | Hvordan vi h\u00e5ndterer data | Fibron\",\"isPartOf\":{\"@id\":\"https:\/\/fibron.com\/no#website\"},\"datePublished\":\"2022-12-13T10:41:02+00:00\",\"dateModified\":\"2025-07-22T11:40:52+00:00\",\"breadcrumb\":{\"@id\":\"https:\/\/fibron.com\/no\/personvernerklaering#breadcrumb\"},\"inLanguage\":\"nb-NO\",\"potentialAction\":[{\"@type\":\"ReadAction\",\"target\":[\"https:\/\/fibron.com\/no\/personvernerklaering\"]}]},{\"@type\":\"BreadcrumbList\",\"@id\":\"https:\/\/fibron.com\/no\/personvernerklaering#breadcrumb\",\"itemListElement\":[{\"@type\":\"ListItem\",\"position\":1,\"name\":\"Home\",\"item\":\"https:\/\/fibron.com\/no\"},{\"@type\":\"ListItem\",\"position\":2,\"name\":\"Personvern\"}]},{\"@type\":\"WebSite\",\"@id\":\"https:\/\/fibron.com\/no#website\",\"url\":\"https:\/\/fibron.com\/no\",\"name\":\"Fibron\",\"description\":\"Manufacturers of custom cables for oil &amp; gas industry\",\"publisher\":{\"@id\":\"https:\/\/fibron.com\/no#organization\"},\"potentialAction\":[{\"@type\":\"SearchAction\",\"target\":{\"@type\":\"EntryPoint\",\"urlTemplate\":\"https:\/\/fibron.com\/no?s={search_term_string}\"},\"query-input\":{\"@type\":\"PropertyValueSpecification\",\"valueRequired\":true,\"valueName\":\"search_term_string\"}}],\"inLanguage\":\"nb-NO\"},{\"@type\":\"Organization\",\"@id\":\"https:\/\/fibron.com\/no#organization\",\"name\":\"Fibron\",\"url\":\"https:\/\/fibron.com\/no\",\"logo\":{\"@type\":\"ImageObject\",\"inLanguage\":\"nb-NO\",\"@id\":\"https:\/\/fibron.com\/no#\/schema\/logo\/image\/\",\"url\":\"https:\/\/fibron202401.buildingsite.dev\/wp-content\/uploads\/2022\/12\/fibron-favicon.png\",\"contentUrl\":\"https:\/\/fibron202401.buildingsite.dev\/wp-content\/uploads\/2022\/12\/fibron-favicon.png\",\"width\":512,\"height\":512,\"caption\":\"Fibron\"},\"image\":{\"@id\":\"https:\/\/fibron.com\/no#\/schema\/logo\/image\/\"},\"sameAs\":[\"https:\/\/www.facebook.com\/profile.php?id=100063939133274\",\"https:\/\/uk.linkedin.com\/company\/fibron-b-x-ltd\"]}]}<\/script>\n<!-- \/ Yoast SEO plugin. -->","yoast_head_json":{"title":"Personvernerkl\u00e6ring | Hvordan vi h\u00e5ndterer data | Fibron","robots":{"index":"index","follow":"follow","max-snippet":"max-snippet:-1","max-image-preview":"max-image-preview:large","max-video-preview":"max-video-preview:-1"},"canonical":"https:\/\/fibron.com\/no\/personvernerklaering","og_locale":"nb_NO","og_type":"article","og_title":"Personvernerkl\u00e6ring | Hvordan vi h\u00e5ndterer data | Fibron","og_description":"[vc_row type=&raquo;in_container&raquo; full_screen_row_position=&raquo;middle&raquo; column_margin=&raquo;default&raquo; column_direction=&raquo;default&raquo; column_direction_tablet=&raquo;default&raquo; column_direction_phone=&raquo;default&raquo; scene_position=&raquo;center&raquo; text_color=&raquo;dark&raquo; text_align=&raquo;left&raquo; row_border_radius=&raquo;none&raquo; row_border_radius_applies=&raquo;bg&raquo; overflow=&raquo;visible&raquo; overlay_strength=&raquo;0.3\" gradient_direction=&raquo;left_to_right&raquo; shape_divider_position=&raquo;bottom&raquo; bg_image_animation=&raquo;none&raquo;][vc_column column_padding=&raquo;no-extra-padding&raquo; column_padding_tablet=&raquo;inherit&raquo; column_padding_phone=&raquo;inherit&raquo; column_padding_position=&raquo;all&raquo; column_element_direction_desktop=&raquo;default&raquo; column_element_spacing=&raquo;default&raquo; desktop_text_alignment=&raquo;default&raquo; tablet_text_alignment=&raquo;default&raquo; phone_text_alignment=&raquo;default&raquo; background_color_opacity=&raquo;1\" background_hover_color_opacity=&raquo;1\" column_backdrop_filter=&raquo;none&raquo; column_shadow=&raquo;none&raquo;...","og_url":"https:\/\/fibron.com\/no\/personvernerklaering","og_site_name":"Fibron","article_publisher":"https:\/\/www.facebook.com\/profile.php?id=100063939133274","article_modified_time":"2025-07-22T11:40:52+00:00","twitter_card":"summary_large_image","twitter_misc":{"Ansl. lesetid":"4 minutter"},"schema":{"@context":"https:\/\/schema.org","@graph":[{"@type":"WebPage","@id":"https:\/\/fibron.com\/no\/personvernerklaering","url":"https:\/\/fibron.com\/no\/personvernerklaering","name":"Personvernerkl\u00e6ring | Hvordan vi h\u00e5ndterer data | Fibron","isPartOf":{"@id":"https:\/\/fibron.com\/no#website"},"datePublished":"2022-12-13T10:41:02+00:00","dateModified":"2025-07-22T11:40:52+00:00","breadcrumb":{"@id":"https:\/\/fibron.com\/no\/personvernerklaering#breadcrumb"},"inLanguage":"nb-NO","potentialAction":[{"@type":"ReadAction","target":["https:\/\/fibron.com\/no\/personvernerklaering"]}]},{"@type":"BreadcrumbList","@id":"https:\/\/fibron.com\/no\/personvernerklaering#breadcrumb","itemListElement":[{"@type":"ListItem","position":1,"name":"Home","item":"https:\/\/fibron.com\/no"},{"@type":"ListItem","position":2,"name":"Personvern"}]},{"@type":"WebSite","@id":"https:\/\/fibron.com\/no#website","url":"https:\/\/fibron.com\/no","name":"Fibron","description":"Manufacturers of custom cables for oil &amp; gas industry","publisher":{"@id":"https:\/\/fibron.com\/no#organization"},"potentialAction":[{"@type":"SearchAction","target":{"@type":"EntryPoint","urlTemplate":"https:\/\/fibron.com\/no?s={search_term_string}"},"query-input":{"@type":"PropertyValueSpecification","valueRequired":true,"valueName":"search_term_string"}}],"inLanguage":"nb-NO"},{"@type":"Organization","@id":"https:\/\/fibron.com\/no#organization","name":"Fibron","url":"https:\/\/fibron.com\/no","logo":{"@type":"ImageObject","inLanguage":"nb-NO","@id":"https:\/\/fibron.com\/no#\/schema\/logo\/image\/","url":"https:\/\/fibron202401.buildingsite.dev\/wp-content\/uploads\/2022\/12\/fibron-favicon.png","contentUrl":"https:\/\/fibron202401.buildingsite.dev\/wp-content\/uploads\/2022\/12\/fibron-favicon.png","width":512,"height":512,"caption":"Fibron"},"image":{"@id":"https:\/\/fibron.com\/no#\/schema\/logo\/image\/"},"sameAs":["https:\/\/www.facebook.com\/profile.php?id=100063939133274","https:\/\/uk.linkedin.com\/company\/fibron-b-x-ltd"]}]}},"_links":{"self":[{"href":"https:\/\/fibron.com\/no\/wp-json\/wp\/v2\/pages\/9747","targetHints":{"allow":["GET"]}}],"collection":[{"href":"https:\/\/fibron.com\/no\/wp-json\/wp\/v2\/pages"}],"about":[{"href":"https:\/\/fibron.com\/no\/wp-json\/wp\/v2\/types\/page"}],"author":[{"embeddable":true,"href":"https:\/\/fibron.com\/no\/wp-json\/wp\/v2\/users\/4"}],"replies":[{"embeddable":true,"href":"https:\/\/fibron.com\/no\/wp-json\/wp\/v2\/comments?post=9747"}],"version-history":[{"count":4,"href":"https:\/\/fibron.com\/no\/wp-json\/wp\/v2\/pages\/9747\/revisions"}],"predecessor-version":[{"id":12205,"href":"https:\/\/fibron.com\/no\/wp-json\/wp\/v2\/pages\/9747\/revisions\/12205"}],"wp:attachment":[{"href":"https:\/\/fibron.com\/no\/wp-json\/wp\/v2\/media?parent=9747"}],"curies":[{"name":"wp","href":"https:\/\/api.w.org\/{rel}","templated":true}]}}