{"id":9746,"date":"2022-12-13T10:41:02","date_gmt":"2022-12-13T10:41:02","guid":{"rendered":"https:\/\/fibron.com\/privacy-policy\/"},"modified":"2025-02-16T13:18:40","modified_gmt":"2025-02-16T13:18:40","slug":"politique-de-confidentialite","status":"publish","type":"page","link":"https:\/\/fibron.com\/fr\/politique-de-confidentialite","title":{"rendered":"Politique de confidentialit\u00e9"},"content":{"rendered":"[vc_row type=\u00a0\u00bbin_container\u00a0\u00bb full_screen_row_position=\u00a0\u00bbmiddle\u00a0\u00bb column_margin=\u00a0\u00bbdefault\u00a0\u00bb column_direction=\u00a0\u00bbdefault\u00a0\u00bb column_direction_tablet=\u00a0\u00bbdefault\u00a0\u00bb column_direction_phone=\u00a0\u00bbdefault\u00a0\u00bb scene_position=\u00a0\u00bbcenter\u00a0\u00bb text_color=\u00a0\u00bbdark\u00a0\u00bb text_align=\u00a0\u00bbleft\u00a0\u00bb row_border_radius=\u00a0\u00bbnone\u00a0\u00bb row_border_radius_applies=\u00a0\u00bbbg\u00a0\u00bb overflow=\u00a0\u00bbvisible\u00a0\u00bb overlay_strength=\u00a0\u00bb0.3&Prime; gradient_direction=\u00a0\u00bbleft_to_right\u00a0\u00bb shape_divider_position=\u00a0\u00bbbottom\u00a0\u00bb bg_image_animation=\u00a0\u00bbnone\u00a0\u00bb][vc_column column_padding=\u00a0\u00bbno-extra-padding\u00a0\u00bb column_padding_tablet=\u00a0\u00bbinherit\u00a0\u00bb column_padding_phone=\u00a0\u00bbinherit\u00a0\u00bb column_padding_position=\u00a0\u00bball\u00a0\u00bb column_element_direction_desktop=\u00a0\u00bbdefault\u00a0\u00bb column_element_spacing=\u00a0\u00bbdefault\u00a0\u00bb desktop_text_alignment=\u00a0\u00bbdefault\u00a0\u00bb tablet_text_alignment=\u00a0\u00bbdefault\u00a0\u00bb phone_text_alignment=\u00a0\u00bbdefault\u00a0\u00bb background_color_opacity=\u00a0\u00bb1&Prime; background_hover_color_opacity=\u00a0\u00bb1&Prime; column_backdrop_filter=\u00a0\u00bbnone\u00a0\u00bb column_shadow=\u00a0\u00bbnone\u00a0\u00bb column_border_radius=\u00a0\u00bbnone\u00a0\u00bb column_link_target=\u00a0\u00bb_self\u00a0\u00bb column_position=\u00a0\u00bbdefault\u00a0\u00bb gradient_direction=\u00a0\u00bbleft_to_right\u00a0\u00bb overlay_strength=\u00a0\u00bb0.3&Prime; width=\u00a0\u00bb1\/1&Prime; tablet_width_inherit=\u00a0\u00bbdefault\u00a0\u00bb animation_type=\u00a0\u00bbdefault\u00a0\u00bb bg_image_animation=\u00a0\u00bbnone\u00a0\u00bb border_type=\u00a0\u00bbsimple\u00a0\u00bb column_border_width=\u00a0\u00bbnone\u00a0\u00bb column_border_style=\u00a0\u00bbsolid\u00a0\u00bb][vc_column_text text_direction=\u00a0\u00bbdefault\u00a0\u00bb]\n<p data-pm-slice=\"1 1 []\"><strong>1. INTRODUCTION<\/strong><\/p>\n<p>Fibron s&rsquo;engage \u00e0 prot\u00e9ger et \u00e0 respecter votre vie priv\u00e9e. Conform\u00e9ment \u00e0 la l\u00e9gislation sur la protection des donn\u00e9es, nous sommes le responsable du traitement des donn\u00e9es et nous traiterons vos donn\u00e9es personnelles conform\u00e9ment au R\u00e8glement G\u00e9n\u00e9ral sur la Protection des Donn\u00e9es (UE) 2016\/679 ainsi qu&rsquo;aux lois nationales relatives au traitement des donn\u00e9es personnelles. Veuillez lire attentivement ce qui suit afin de comprendre nos points de vue et nos pratiques concernant vos donn\u00e9es personnelles et la mani\u00e8re dont nous les traiterons.<\/p>\n<p><strong>2. VISITEURS DE NOTRE SITE WEB<\/strong><\/p>\n<p><strong>2.1<\/strong> Nous pouvons collecter et traiter des donn\u00e9es personnelles vous concernant dans les circonstances suivantes :<\/p>\n<p><strong>2.1.1<\/strong> lorsque vous remplissez des formulaires sur notre site web (\u00ab Site \u00bb). Cela inclut votre nom, adresse, e-mail et num\u00e9ro de t\u00e9l\u00e9phone, fournis lors de votre inscription \u00e0 notre Site, lorsque vous nous demandez de vous contacter \u00e0 propos de nos produits ou services, lorsque vous vous abonnez \u00e0 notre liste de diffusion, ou lorsque vous vous abonnez\/demandez nos produits et services ;<\/p>\n<p><strong>2.1.2<\/strong> chaque fois que vous nous fournissez des informations en signalant un probl\u00e8me avec notre Site, en formulant une plainte, une demande de renseignements ou en nous contactant pour toute autre raison. Si vous nous contactez, nous pouvons conserver un enregistrement de cette correspondance ;<\/p>\n<p><strong>2.1.3<\/strong> d\u00e9tails de vos visites sur notre Site, y compris, sans s&rsquo;y limiter, les donn\u00e9es de trafic, les donn\u00e9es de localisation, les journaux web et autres donn\u00e9es de communication, qu&rsquo;elles soient n\u00e9cessaires \u00e0 des fins de facturation ou non, ainsi que les ressources auxquelles vous acc\u00e9dez (voir la section Cookies ci-dessous) ;<\/p>\n<p><strong>2.1.4<\/strong> chaque fois que vous nous divulguez vos informations ou que nous collectons des informations vous concernant de toute autre mani\u00e8re via notre Site.<\/p>\n<p><strong>2.1.5<\/strong> Nous pouvons collecter des informations sur votre appareil, y compris, lorsque cela est disponible, votre adresse de protocole Internet (IP), pour des raisons de protection contre la fraude. Nous pouvons \u00e9galement collecter des informations sur le syst\u00e8me d&rsquo;exploitation et le type de navigateur de votre appareil, afin de mieux comprendre comment d\u00e9velopper notre site web pour mieux servir les clients. Cela ne vous identifie pas en tant qu&rsquo;individu.<\/p>\n<p><strong>2.1.6<\/strong> Notre site web peut contenir des liens vers d&rsquo;autres sites web d&rsquo;int\u00e9r\u00eat. Cependant, une fois que vous avez utilis\u00e9 ces liens pour quitter notre site, veuillez noter que nous n&rsquo;avons aucun contr\u00f4le sur ces autres sites web. Par cons\u00e9quent, nous ne pouvons \u00eatre responsables de la protection et de la confidentialit\u00e9 des informations que vous fournissez en visitant ces sites. Ces sites ne sont pas r\u00e9gis par la pr\u00e9sente politique de confidentialit\u00e9. Vous devez faire preuve de prudence et consulter la politique de confidentialit\u00e9 applicable au site en question.<\/p>\n<p><strong>3. COMMENT NOUS UTILISONS LES COOKIES<\/strong><\/p>\n<p><strong>3.1<\/strong> Notre Site utilise des cookies pour vous distinguer des autres utilisateurs de notre Site. Lorsque vous naviguez sur notre Site, nous utilisons \u00e9galement des cookies pour enregistrer des informations statistiques nous permettant d&rsquo;am\u00e9liorer le site web. Un cookie ne nous donne en aucun cas acc\u00e8s \u00e0 votre ordinateur ni \u00e0 aucune information vous concernant, hormis les donn\u00e9es que vous choisissez de partager avec nous. Vous pouvez choisir d&rsquo;accepter ou de refuser les cookies. La plupart des navigateurs web acceptent automatiquement les cookies, mais vous pouvez modifier les param\u00e8tres de votre navigateur pour les refuser si vous pr\u00e9f\u00e9rez. Pour des informations d\u00e9taill\u00e9es sur les cookies que nous utilisons et leurs objectifs, veuillez consulter notre politique en mati\u00e8re de cookies.<\/p>\n<p><strong>3.2<\/strong> Nous pouvons utiliser vos donn\u00e9es personnelles dans le cadre de nos int\u00e9r\u00eats l\u00e9gitimes afin de :<\/p>\n<p><strong>3.2.1<\/strong> vous fournir des informations ou des services que vous nous avez demand\u00e9s ;<\/p>\n<p><strong>3.2.2<\/strong> veiller \u00e0 ce que le contenu de notre Site soit pr\u00e9sent\u00e9 de la mani\u00e8re la plus efficace pour vous et pour votre appareil ;<\/p>\n<p><strong>3.2.3<\/strong> am\u00e9liorer notre Site et nos services ;<\/p>\n<p><strong>3.2.4<\/strong> traiter et r\u00e9pondre \u00e0 toute plainte ou demande de renseignements de votre part ; et<\/p>\n<p><strong>3.2.5<\/strong> vous contacter \u00e0 des fins de marketing lorsque vous vous y \u00eates inscrit.<\/p>\n<p><strong>4. BASE L\u00c9GALE POUR LE TRAITEMENT DE VOS DONN\u00c9ES PERSONNELLES<\/strong><\/p>\n<p><strong>4.1<\/strong> Nous n&rsquo;utiliserons vos donn\u00e9es personnelles que lorsque la loi nous y autorise. Le plus souvent, nous utiliserons vos donn\u00e9es personnelles dans les circonstances suivantes :<\/p>\n<p><strong>4.1.1<\/strong> pour l&rsquo;ex\u00e9cution d&rsquo;un contrat que nous concluons avec vous ;<\/p>\n<p><strong>4.1.2<\/strong> lorsque cela est n\u00e9cessaire pour nous conformer \u00e0 une obligation l\u00e9gale ou r\u00e9glementaire ;<\/p>\n<p><strong>4.1.3<\/strong> lorsque cela est n\u00e9cessaire pour prot\u00e9ger vos int\u00e9r\u00eats vitaux ; et<\/p>\n<p><strong>4.1.4<\/strong> pour nos int\u00e9r\u00eats l\u00e9gitimes (tels que d\u00e9crits dans cette politique), sauf si vos int\u00e9r\u00eats et droits fondamentaux pr\u00e9valent sur ces int\u00e9r\u00eats.<\/p>\n<p><strong>5. VOTRE DROIT DE RETIRER VOTRE CONSENTEMENT<\/strong><\/p>\n<p>Lorsque vous avez donn\u00e9 votre consentement \u00e0 la collecte, au traitement et au transfert de vos donn\u00e9es personnelles, vous avez le droit l\u00e9gal de retirer votre consentement dans certaines circonstances. Pour retirer votre consentement, veuillez nous contacter \u00e0 l&rsquo;adresse <a>website@web22.fibron.com<\/a>.<\/p>\n<p><strong>6. MODIFICATIONS DE NOTRE POLITIQUE DE CONFIDENTIALIT\u00c9<\/strong><\/p>\n<p>Nous nous r\u00e9servons le droit de mettre \u00e0 jour cette politique de confidentialit\u00e9 \u00e0 tout moment. Toute modification sera publi\u00e9e sur cette page.<\/p>\n<p><strong>7. CONTACTEZ-NOUS<\/strong><\/p>\n<p>Si vous avez des questions ou commentaires concernant cette politique, veuillez nous contacter \u00e0 l&rsquo;adresse email suivante : <a>website@fibron.com<\/a>.[\/vc_column_text][\/vc_column][\/vc_row]\n","protected":false},"excerpt":{"rendered":"<p>[vc_row type=\u00a0\u00bbin_container\u00a0\u00bb full_screen_row_position=\u00a0\u00bbmiddle\u00a0\u00bb column_margin=\u00a0\u00bbdefault\u00a0\u00bb column_direction=\u00a0\u00bbdefault\u00a0\u00bb column_direction_tablet=\u00a0\u00bbdefault\u00a0\u00bb column_direction_phone=\u00a0\u00bbdefault\u00a0\u00bb scene_position=\u00a0\u00bbcenter\u00a0\u00bb text_color=\u00a0\u00bbdark\u00a0\u00bb text_align=\u00a0\u00bbleft\u00a0\u00bb row_border_radius=\u00a0\u00bbnone\u00a0\u00bb row_border_radius_applies=\u00a0\u00bbbg\u00a0\u00bb overflow=\u00a0\u00bbvisible\u00a0\u00bb overlay_strength=\u00a0\u00bb0.3&Prime; gradient_direction=\u00a0\u00bbleft_to_right\u00a0\u00bb shape_divider_position=\u00a0\u00bbbottom\u00a0\u00bb bg_image_animation=\u00a0\u00bbnone\u00a0\u00bb][vc_column column_padding=\u00a0\u00bbno-extra-padding\u00a0\u00bb column_padding_tablet=\u00a0\u00bbinherit\u00a0\u00bb column_padding_phone=\u00a0\u00bbinherit\u00a0\u00bb column_padding_position=\u00a0\u00bball\u00a0\u00bb column_element_direction_desktop=\u00a0\u00bbdefault\u00a0\u00bb column_element_spacing=\u00a0\u00bbdefault\u00a0\u00bb desktop_text_alignment=\u00a0\u00bbdefault\u00a0\u00bb tablet_text_alignment=\u00a0\u00bbdefault\u00a0\u00bb phone_text_alignment=\u00a0\u00bbdefault\u00a0\u00bb background_color_opacity=\u00a0\u00bb1&Prime; background_hover_color_opacity=\u00a0\u00bb1&Prime; column_backdrop_filter=\u00a0\u00bbnone\u00a0\u00bb column_shadow=\u00a0\u00bbnone\u00a0\u00bb&#8230;<\/p>\n","protected":false},"author":4,"featured_media":0,"parent":0,"menu_order":0,"comment_status":"closed","ping_status":"closed","template":"","meta":{"footnotes":""},"class_list":["post-9746","page","type-page","status-publish"],"yoast_head":"<!-- This site is optimized with the Yoast SEO plugin v24.6 - https:\/\/yoast.com\/wordpress\/plugins\/seo\/ -->\n<title>Politique de confidentialit\u00e9 | Fibron<\/title>\n<meta name=\"robots\" content=\"index, follow, max-snippet:-1, max-image-preview:large, max-video-preview:-1\" \/>\n<link rel=\"canonical\" href=\"https:\/\/fibron.com\/fr\/politique-de-confidentialite\" \/>\n<meta property=\"og:locale\" content=\"fr_FR\" \/>\n<meta property=\"og:type\" content=\"article\" \/>\n<meta property=\"og:title\" content=\"Politique de confidentialit\u00e9 | Fibron\" \/>\n<meta property=\"og:description\" content=\"[vc_row type=\u00a0\u00bbin_container\u00a0\u00bb full_screen_row_position=\u00a0\u00bbmiddle\u00a0\u00bb column_margin=\u00a0\u00bbdefault\u00a0\u00bb column_direction=\u00a0\u00bbdefault\u00a0\u00bb column_direction_tablet=\u00a0\u00bbdefault\u00a0\u00bb column_direction_phone=\u00a0\u00bbdefault\u00a0\u00bb scene_position=\u00a0\u00bbcenter\u00a0\u00bb text_color=\u00a0\u00bbdark\u00a0\u00bb text_align=\u00a0\u00bbleft\u00a0\u00bb row_border_radius=\u00a0\u00bbnone\u00a0\u00bb row_border_radius_applies=\u00a0\u00bbbg\u00a0\u00bb overflow=\u00a0\u00bbvisible\u00a0\u00bb overlay_strength=\u00a0\u00bb0.3&Prime; gradient_direction=\u00a0\u00bbleft_to_right\u00a0\u00bb shape_divider_position=\u00a0\u00bbbottom\u00a0\u00bb bg_image_animation=\u00a0\u00bbnone\u00a0\u00bb][vc_column column_padding=\u00a0\u00bbno-extra-padding\u00a0\u00bb column_padding_tablet=\u00a0\u00bbinherit\u00a0\u00bb column_padding_phone=\u00a0\u00bbinherit\u00a0\u00bb column_padding_position=\u00a0\u00bball\u00a0\u00bb column_element_direction_desktop=\u00a0\u00bbdefault\u00a0\u00bb column_element_spacing=\u00a0\u00bbdefault\u00a0\u00bb desktop_text_alignment=\u00a0\u00bbdefault\u00a0\u00bb tablet_text_alignment=\u00a0\u00bbdefault\u00a0\u00bb phone_text_alignment=\u00a0\u00bbdefault\u00a0\u00bb background_color_opacity=\u00a0\u00bb1&Prime; background_hover_color_opacity=\u00a0\u00bb1&Prime; column_backdrop_filter=\u00a0\u00bbnone\u00a0\u00bb column_shadow=\u00a0\u00bbnone\u00a0\u00bb...\" \/>\n<meta property=\"og:url\" content=\"https:\/\/fibron.com\/fr\/politique-de-confidentialite\" \/>\n<meta property=\"og:site_name\" content=\"Fibron\" \/>\n<meta property=\"article:publisher\" content=\"https:\/\/www.facebook.com\/profile.php?id=100063939133274\" \/>\n<meta property=\"article:modified_time\" content=\"2025-02-16T13:18:40+00:00\" \/>\n<meta name=\"twitter:card\" content=\"summary_large_image\" \/>\n<meta name=\"twitter:label1\" content=\"Dur\u00e9e de lecture estim\u00e9e\" \/>\n\t<meta name=\"twitter:data1\" content=\"4 minutes\" \/>\n<script type=\"application\/ld+json\" class=\"yoast-schema-graph\">{\"@context\":\"https:\/\/schema.org\",\"@graph\":[{\"@type\":\"WebPage\",\"@id\":\"https:\/\/fibron.com\/fr\/politique-de-confidentialite\",\"url\":\"https:\/\/fibron.com\/fr\/politique-de-confidentialite\",\"name\":\"Politique de confidentialit\u00e9 | Fibron\",\"isPartOf\":{\"@id\":\"https:\/\/fibron.com\/fr#website\"},\"datePublished\":\"2022-12-13T10:41:02+00:00\",\"dateModified\":\"2025-02-16T13:18:40+00:00\",\"breadcrumb\":{\"@id\":\"https:\/\/fibron.com\/fr\/politique-de-confidentialite#breadcrumb\"},\"inLanguage\":\"fr-FR\",\"potentialAction\":[{\"@type\":\"ReadAction\",\"target\":[\"https:\/\/fibron.com\/fr\/politique-de-confidentialite\"]}]},{\"@type\":\"BreadcrumbList\",\"@id\":\"https:\/\/fibron.com\/fr\/politique-de-confidentialite#breadcrumb\",\"itemListElement\":[{\"@type\":\"ListItem\",\"position\":1,\"name\":\"Home\",\"item\":\"https:\/\/fibron.com\/fr\"},{\"@type\":\"ListItem\",\"position\":2,\"name\":\"Politique de confidentialit\u00e9\"}]},{\"@type\":\"WebSite\",\"@id\":\"https:\/\/fibron.com\/fr#website\",\"url\":\"https:\/\/fibron.com\/fr\",\"name\":\"Fibron\",\"description\":\"Manufacturers of custom cables for oil &amp; gas industry\",\"publisher\":{\"@id\":\"https:\/\/fibron.com\/fr#organization\"},\"potentialAction\":[{\"@type\":\"SearchAction\",\"target\":{\"@type\":\"EntryPoint\",\"urlTemplate\":\"https:\/\/fibron.com\/fr?s={search_term_string}\"},\"query-input\":{\"@type\":\"PropertyValueSpecification\",\"valueRequired\":true,\"valueName\":\"search_term_string\"}}],\"inLanguage\":\"fr-FR\"},{\"@type\":\"Organization\",\"@id\":\"https:\/\/fibron.com\/fr#organization\",\"name\":\"Fibron\",\"url\":\"https:\/\/fibron.com\/fr\",\"logo\":{\"@type\":\"ImageObject\",\"inLanguage\":\"fr-FR\",\"@id\":\"https:\/\/fibron.com\/fr#\/schema\/logo\/image\/\",\"url\":\"https:\/\/fibron202401.buildingsite.dev\/wp-content\/uploads\/2022\/12\/fibron-favicon.png\",\"contentUrl\":\"https:\/\/fibron202401.buildingsite.dev\/wp-content\/uploads\/2022\/12\/fibron-favicon.png\",\"width\":512,\"height\":512,\"caption\":\"Fibron\"},\"image\":{\"@id\":\"https:\/\/fibron.com\/fr#\/schema\/logo\/image\/\"},\"sameAs\":[\"https:\/\/www.facebook.com\/profile.php?id=100063939133274\",\"https:\/\/uk.linkedin.com\/company\/fibron-b-x-ltd\"]}]}<\/script>\n<!-- \/ Yoast SEO plugin. -->","yoast_head_json":{"title":"Politique de confidentialit\u00e9 | Fibron","robots":{"index":"index","follow":"follow","max-snippet":"max-snippet:-1","max-image-preview":"max-image-preview:large","max-video-preview":"max-video-preview:-1"},"canonical":"https:\/\/fibron.com\/fr\/politique-de-confidentialite","og_locale":"fr_FR","og_type":"article","og_title":"Politique de confidentialit\u00e9 | Fibron","og_description":"[vc_row type=\u00a0\u00bbin_container\u00a0\u00bb full_screen_row_position=\u00a0\u00bbmiddle\u00a0\u00bb column_margin=\u00a0\u00bbdefault\u00a0\u00bb column_direction=\u00a0\u00bbdefault\u00a0\u00bb column_direction_tablet=\u00a0\u00bbdefault\u00a0\u00bb column_direction_phone=\u00a0\u00bbdefault\u00a0\u00bb scene_position=\u00a0\u00bbcenter\u00a0\u00bb text_color=\u00a0\u00bbdark\u00a0\u00bb text_align=\u00a0\u00bbleft\u00a0\u00bb row_border_radius=\u00a0\u00bbnone\u00a0\u00bb row_border_radius_applies=\u00a0\u00bbbg\u00a0\u00bb overflow=\u00a0\u00bbvisible\u00a0\u00bb overlay_strength=\u00a0\u00bb0.3&Prime; gradient_direction=\u00a0\u00bbleft_to_right\u00a0\u00bb shape_divider_position=\u00a0\u00bbbottom\u00a0\u00bb bg_image_animation=\u00a0\u00bbnone\u00a0\u00bb][vc_column column_padding=\u00a0\u00bbno-extra-padding\u00a0\u00bb column_padding_tablet=\u00a0\u00bbinherit\u00a0\u00bb column_padding_phone=\u00a0\u00bbinherit\u00a0\u00bb column_padding_position=\u00a0\u00bball\u00a0\u00bb column_element_direction_desktop=\u00a0\u00bbdefault\u00a0\u00bb column_element_spacing=\u00a0\u00bbdefault\u00a0\u00bb desktop_text_alignment=\u00a0\u00bbdefault\u00a0\u00bb tablet_text_alignment=\u00a0\u00bbdefault\u00a0\u00bb phone_text_alignment=\u00a0\u00bbdefault\u00a0\u00bb background_color_opacity=\u00a0\u00bb1&Prime; background_hover_color_opacity=\u00a0\u00bb1&Prime; column_backdrop_filter=\u00a0\u00bbnone\u00a0\u00bb column_shadow=\u00a0\u00bbnone\u00a0\u00bb...","og_url":"https:\/\/fibron.com\/fr\/politique-de-confidentialite","og_site_name":"Fibron","article_publisher":"https:\/\/www.facebook.com\/profile.php?id=100063939133274","article_modified_time":"2025-02-16T13:18:40+00:00","twitter_card":"summary_large_image","twitter_misc":{"Dur\u00e9e de lecture estim\u00e9e":"4 minutes"},"schema":{"@context":"https:\/\/schema.org","@graph":[{"@type":"WebPage","@id":"https:\/\/fibron.com\/fr\/politique-de-confidentialite","url":"https:\/\/fibron.com\/fr\/politique-de-confidentialite","name":"Politique de confidentialit\u00e9 | Fibron","isPartOf":{"@id":"https:\/\/fibron.com\/fr#website"},"datePublished":"2022-12-13T10:41:02+00:00","dateModified":"2025-02-16T13:18:40+00:00","breadcrumb":{"@id":"https:\/\/fibron.com\/fr\/politique-de-confidentialite#breadcrumb"},"inLanguage":"fr-FR","potentialAction":[{"@type":"ReadAction","target":["https:\/\/fibron.com\/fr\/politique-de-confidentialite"]}]},{"@type":"BreadcrumbList","@id":"https:\/\/fibron.com\/fr\/politique-de-confidentialite#breadcrumb","itemListElement":[{"@type":"ListItem","position":1,"name":"Home","item":"https:\/\/fibron.com\/fr"},{"@type":"ListItem","position":2,"name":"Politique de confidentialit\u00e9"}]},{"@type":"WebSite","@id":"https:\/\/fibron.com\/fr#website","url":"https:\/\/fibron.com\/fr","name":"Fibron","description":"Manufacturers of custom cables for oil &amp; gas industry","publisher":{"@id":"https:\/\/fibron.com\/fr#organization"},"potentialAction":[{"@type":"SearchAction","target":{"@type":"EntryPoint","urlTemplate":"https:\/\/fibron.com\/fr?s={search_term_string}"},"query-input":{"@type":"PropertyValueSpecification","valueRequired":true,"valueName":"search_term_string"}}],"inLanguage":"fr-FR"},{"@type":"Organization","@id":"https:\/\/fibron.com\/fr#organization","name":"Fibron","url":"https:\/\/fibron.com\/fr","logo":{"@type":"ImageObject","inLanguage":"fr-FR","@id":"https:\/\/fibron.com\/fr#\/schema\/logo\/image\/","url":"https:\/\/fibron202401.buildingsite.dev\/wp-content\/uploads\/2022\/12\/fibron-favicon.png","contentUrl":"https:\/\/fibron202401.buildingsite.dev\/wp-content\/uploads\/2022\/12\/fibron-favicon.png","width":512,"height":512,"caption":"Fibron"},"image":{"@id":"https:\/\/fibron.com\/fr#\/schema\/logo\/image\/"},"sameAs":["https:\/\/www.facebook.com\/profile.php?id=100063939133274","https:\/\/uk.linkedin.com\/company\/fibron-b-x-ltd"]}]}},"_links":{"self":[{"href":"https:\/\/fibron.com\/fr\/wp-json\/wp\/v2\/pages\/9746","targetHints":{"allow":["GET"]}}],"collection":[{"href":"https:\/\/fibron.com\/fr\/wp-json\/wp\/v2\/pages"}],"about":[{"href":"https:\/\/fibron.com\/fr\/wp-json\/wp\/v2\/types\/page"}],"author":[{"embeddable":true,"href":"https:\/\/fibron.com\/fr\/wp-json\/wp\/v2\/users\/4"}],"replies":[{"embeddable":true,"href":"https:\/\/fibron.com\/fr\/wp-json\/wp\/v2\/comments?post=9746"}],"version-history":[{"count":2,"href":"https:\/\/fibron.com\/fr\/wp-json\/wp\/v2\/pages\/9746\/revisions"}],"predecessor-version":[{"id":10524,"href":"https:\/\/fibron.com\/fr\/wp-json\/wp\/v2\/pages\/9746\/revisions\/10524"}],"wp:attachment":[{"href":"https:\/\/fibron.com\/fr\/wp-json\/wp\/v2\/media?parent=9746"}],"curies":[{"name":"wp","href":"https:\/\/api.w.org\/{rel}","templated":true}]}}