{"id":9749,"date":"2022-12-13T10:41:02","date_gmt":"2022-12-13T10:41:02","guid":{"rendered":"https:\/\/fibron.com\/privacy-policy\/"},"modified":"2025-02-11T22:59:59","modified_gmt":"2025-02-11T22:59:59","slug":"politica-de-privacidad","status":"publish","type":"page","link":"https:\/\/fibron.com\/es\/politica-de-privacidad","title":{"rendered":"Pol\u00edtica de privacidad"},"content":{"rendered":"[vc_row type=\u00bbin_container\u00bb full_screen_row_position=\u00bbmiddle\u00bb column_margin=\u00bbdefault\u00bb column_direction=\u00bbdefault\u00bb column_direction_tablet=\u00bbdefault\u00bb column_direction_phone=\u00bbdefault\u00bb scene_position=\u00bbcenter\u00bb text_color=\u00bbdark\u00bb text_align=\u00bbleft\u00bb row_border_radius=\u00bbnone\u00bb row_border_radius_applies=\u00bbbg\u00bb overflow=\u00bbvisible\u00bb overlay_strength=\u00bb0.3\" gradient_direction=\u00bbleft_to_right\u00bb shape_divider_position=\u00bbbottom\u00bb bg_image_animation=\u00bbnone\u00bb][vc_column column_padding=\u00bbno-extra-padding\u00bb column_padding_tablet=\u00bbinherit\u00bb column_padding_phone=\u00bbinherit\u00bb column_padding_position=\u00bball\u00bb column_element_direction_desktop=\u00bbdefault\u00bb column_element_spacing=\u00bbdefault\u00bb desktop_text_alignment=\u00bbdefault\u00bb tablet_text_alignment=\u00bbdefault\u00bb phone_text_alignment=\u00bbdefault\u00bb background_color_opacity=\u00bb1\" background_hover_color_opacity=\u00bb1\" column_backdrop_filter=\u00bbnone\u00bb column_shadow=\u00bbnone\u00bb column_border_radius=\u00bbnone\u00bb column_link_target=\u00bb_self\u00bb column_position=\u00bbdefault\u00bb gradient_direction=\u00bbleft_to_right\u00bb overlay_strength=\u00bb0.3\" width=\u00bb1\/1\" tablet_width_inherit=\u00bbdefault\u00bb animation_type=\u00bbdefault\u00bb bg_image_animation=\u00bbnone\u00bb border_type=\u00bbsimple\u00bb column_border_width=\u00bbnone\u00bb column_border_style=\u00bbsolid\u00bb][vc_column_text text_direction=\u00bbdefault\u00bb]<strong>1. INTRODUCCI\u00d3N<\/strong><\/p>\n<p>Fibron se compromete a proteger y respetar su privacidad. A efectos de la legislaci\u00f3n de protecci\u00f3n de datos, somos el responsable del tratamiento de datos y procesaremos sus datos personales de acuerdo con el Reglamento General de Protecci\u00f3n de Datos (UE) 2016\/679 y las leyes nacionales relacionadas con el tratamiento de datos personales. Por favor, lea lo siguiente detenidamente para entender nuestras opiniones y pr\u00e1cticas con respecto a sus datos personales y c\u00f3mo los trataremos.<\/p>\n<p><strong>2. VISITANTES A NUESTRO SITIO WEB<\/strong><\/p>\n<p>2.1 Podemos recopilar y procesar datos personales sobre usted en las siguientes circunstancias:<br \/>\n2.1.1 cuando completas formularios en nuestro sitio web (\u201cSitio\u201d). Esto incluye su nombre, direcci\u00f3n, correo electr\u00f3nico y n\u00famero de tel\u00e9fono, que se proporcionan al momento de registrarse para usar nuestro Sitio, donde nos solicita que nos pongamos en contacto con usted sobre nuestros bienes o servicios, se suscriba a nuestra lista de correo, o solicite nuestros bienes y servicios;<br \/>\n2.1.2 siempre que nos proporciones informaci\u00f3n al informar sobre un problema con nuestro Sitio, presentar una queja, hacer una consulta o contactarnos por cualquier otro motivo. Si nos contacta, podemos mantener un registro de esa correspondencia;<br \/>\n2.1.3 detalles de sus visitas a nuestro Sitio, incluyendo, pero no limitado a, datos de tr\u00e1fico, datos de ubicaci\u00f3n, registros web y otros datos de comunicaci\u00f3n, ya sea que esto sea necesario para nuestros propios fines de facturaci\u00f3n o de otra manera, y los recursos a los que accede (ver secci\u00f3n de Cookies a continuaci\u00f3n); y<br \/>\n2.1.4 cada vez que nos divulgue su informaci\u00f3n, o recojamos informaci\u00f3n de usted de cualquier otra manera, a trav\u00e9s de nuestro Sitio.<br \/>\n2.1.5 Podemos recopilar informaci\u00f3n sobre su dispositivo, incluyendo, cuando est\u00e9 disponible, su direcci\u00f3n de Protocolo de Internet, por razones de protecci\u00f3n contra el fraude. Tambi\u00e9n podemos recopilar informaci\u00f3n sobre el sistema operativo y el tipo de navegador de su dispositivo, para comprender mejor c\u00f3mo desarrollar nuestro sitio web y atender mejor a los clientes. Esto no lo identifica como individuo.<br \/>\n2.1.6 Nuestro sitio web puede contener enlaces a otros sitios web de inter\u00e9s. Sin embargo, una vez que haya utilizado estos enlaces para salir de nuestro sitio, debe tener en cuenta que no tenemos ning\u00fan control sobre ese otro sitio web. Por lo tanto, no podemos ser responsables de la protecci\u00f3n y privacidad de cualquier informaci\u00f3n que proporciones mientras visitas dichos sitios. Dichos sitios no est\u00e1n regidos por esta declaraci\u00f3n de privacidad. Deber\u00edas tener precauci\u00f3n y consultar la declaraci\u00f3n de privacidad aplicable al sitio web en cuesti\u00f3n.<\/p>\n<p><strong>3. C\u00d3MO USAMOS LAS COOKIES<\/strong><\/p>\n<p>3.1 Nuestro Sitio utiliza cookies para distinguirte de otros usuarios de nuestro Sitio. Cuando navegas por nuestro Sitio, tambi\u00e9n utilizamos Cookies para registrar informaci\u00f3n estad\u00edstica que nos permite mejorar el sitio web. Una cookie de ninguna manera nos da acceso a su computadora ni a ninguna informaci\u00f3n sobre usted, aparte de los datos que elija compartir con nosotros. Puedes elegir aceptar o rechazar las cookies. La mayor\u00eda de los navegadores web aceptan cookies autom\u00e1ticamente, pero puedes modificar la configuraci\u00f3n de tu navegador para rechazar las cookies si lo prefieres. Para obtener informaci\u00f3n detallada sobre las cookies que utilizamos y los prop\u00f3sitos para los cuales las usamos, consulte nuestra Pol\u00edtica de Cookies.<br \/>\n2.2 Podemos usar sus datos personales para nuestros intereses leg\u00edtimos con el fin de:<br \/>\n3.2.1 proporcionarle informaci\u00f3n o servicios que nos haya solicitado;<br \/>\n3.2.2 asegurar que el contenido de nuestro Sitio se presente de la manera m\u00e1s efectiva para usted y para su dispositivo;<br \/>\n3.2.3 mejorar nuestro Sitio y servicios;<br \/>\n3.2.4 procesar y gestionar cualquier queja o consulta realizada por usted; y<br \/>\n3.2.5 contactarle para fines de marketing donde se haya inscrito para estos.<\/p>\n<p><strong>4. BASE LEGAL PARA EL TRATAMIENTO DE SUS DATOS PERSONALES<\/strong><\/p>\n<p>4.1 Solo utilizaremos sus datos personales donde la ley nos lo permita. Con mayor frecuencia, utilizaremos sus datos personales en las siguientes circunstancias:<br \/>\n4.1.1 para la ejecuci\u00f3n de un contrato que celebramos con usted;<br \/>\n4.1.2 cuando sea necesario para cumplir con una obligaci\u00f3n legal o regulatoria a la que estemos sujetos;<br \/>\n4.1.3 donde sea necesario para proteger sus intereses vitales; y<br \/>\n4.1.4 para nuestros intereses leg\u00edtimos (como se describe en esta pol\u00edtica), sus intereses y derechos fundamentales no prevalecen sobre estos intereses.<\/p>\n<p><strong>5. SU DERECHO A RETIRAR EL CONSENTIMIENTO<\/strong><\/p>\n<p>Cuando haya proporcionado su consentimiento para la recopilaci\u00f3n, procesamiento y transferencia de sus datos personales, tiene el derecho legal de retirar su consentimiento bajo ciertas circunstancias. Para retirar su consentimiento, si corresponde, por favor cont\u00e1ctenos en website@web22.fibron.com<\/p>\n<p><strong>6. CAMBIOS EN NUESTRA POL\u00cdTICA DE PRIVACIDAD<\/strong><\/p>\n<p>Nos reservamos el derecho de actualizar esta pol\u00edtica de privacidad en cualquier momento, y cualquier cambio que hagamos en nuestra pol\u00edtica de privacidad se publicar\u00e1 en esta p\u00e1gina. Le notificaremos si hay alg\u00fan cambio en esta pol\u00edtica que afecte materialmente la forma en que recopilamos, almacenamos o procesamos sus datos personales. Si deseamos utilizar sus datos personales previamente recopilados para fines diferentes a los que le notificamos en el momento de la recopilaci\u00f3n, le informaremos y, cuando lo exija la ley, buscaremos su consentimiento antes de utilizar sus datos personales para un prop\u00f3sito nuevo o no relacionado. Podemos procesar sus datos personales sin su conocimiento o consentimiento cuando lo exija la ley o regulaci\u00f3n aplicable.<\/p>\n<p><strong>7. COOKIES UTILIZADOS EN ESTE SITIO WEB<\/strong><\/p>\n<p>La tabla a continuaci\u00f3n lista[\/vc_column_text][\/vc_column][\/vc_row]\n","protected":false},"excerpt":{"rendered":"<p>[vc_row type=\u00bbin_container\u00bb full_screen_row_position=\u00bbmiddle\u00bb column_margin=\u00bbdefault\u00bb column_direction=\u00bbdefault\u00bb column_direction_tablet=\u00bbdefault\u00bb column_direction_phone=\u00bbdefault\u00bb scene_position=\u00bbcenter\u00bb text_color=\u00bbdark\u00bb text_align=\u00bbleft\u00bb row_border_radius=\u00bbnone\u00bb row_border_radius_applies=\u00bbbg\u00bb overflow=\u00bbvisible\u00bb overlay_strength=\u00bb0.3\" gradient_direction=\u00bbleft_to_right\u00bb shape_divider_position=\u00bbbottom\u00bb bg_image_animation=\u00bbnone\u00bb][vc_column column_padding=\u00bbno-extra-padding\u00bb column_padding_tablet=\u00bbinherit\u00bb column_padding_phone=\u00bbinherit\u00bb column_padding_position=\u00bball\u00bb column_element_direction_desktop=\u00bbdefault\u00bb column_element_spacing=\u00bbdefault\u00bb desktop_text_alignment=\u00bbdefault\u00bb tablet_text_alignment=\u00bbdefault\u00bb phone_text_alignment=\u00bbdefault\u00bb background_color_opacity=\u00bb1\" background_hover_color_opacity=\u00bb1\" column_backdrop_filter=\u00bbnone\u00bb column_shadow=\u00bbnone\u00bb&#8230;<\/p>\n","protected":false},"author":4,"featured_media":0,"parent":0,"menu_order":0,"comment_status":"closed","ping_status":"closed","template":"","meta":{"footnotes":""},"class_list":["post-9749","page","type-page","status-publish"],"yoast_head":"<!-- This site is optimized with the Yoast SEO plugin v24.6 - https:\/\/yoast.com\/wordpress\/plugins\/seo\/ -->\n<title>Privacy Policy | How We Handle Data | Fibron<\/title>\n<meta name=\"robots\" content=\"index, follow, max-snippet:-1, max-image-preview:large, max-video-preview:-1\" \/>\n<link rel=\"canonical\" href=\"https:\/\/fibron.com\/es\/politica-de-privacidad\" \/>\n<meta property=\"og:locale\" content=\"es_ES\" \/>\n<meta property=\"og:type\" content=\"article\" \/>\n<meta property=\"og:title\" content=\"Privacy Policy | How We Handle Data | Fibron\" \/>\n<meta property=\"og:description\" content=\"[vc_row type=\u00bbin_container\u00bb full_screen_row_position=\u00bbmiddle\u00bb column_margin=\u00bbdefault\u00bb column_direction=\u00bbdefault\u00bb column_direction_tablet=\u00bbdefault\u00bb column_direction_phone=\u00bbdefault\u00bb scene_position=\u00bbcenter\u00bb text_color=\u00bbdark\u00bb text_align=\u00bbleft\u00bb row_border_radius=\u00bbnone\u00bb row_border_radius_applies=\u00bbbg\u00bb overflow=\u00bbvisible\u00bb overlay_strength=\u00bb0.3&quot; gradient_direction=\u00bbleft_to_right\u00bb shape_divider_position=\u00bbbottom\u00bb bg_image_animation=\u00bbnone\u00bb][vc_column column_padding=\u00bbno-extra-padding\u00bb column_padding_tablet=\u00bbinherit\u00bb column_padding_phone=\u00bbinherit\u00bb column_padding_position=\u00bball\u00bb column_element_direction_desktop=\u00bbdefault\u00bb column_element_spacing=\u00bbdefault\u00bb desktop_text_alignment=\u00bbdefault\u00bb tablet_text_alignment=\u00bbdefault\u00bb phone_text_alignment=\u00bbdefault\u00bb background_color_opacity=\u00bb1&quot; background_hover_color_opacity=\u00bb1&quot; column_backdrop_filter=\u00bbnone\u00bb column_shadow=\u00bbnone\u00bb...\" \/>\n<meta property=\"og:url\" content=\"https:\/\/fibron.com\/es\/politica-de-privacidad\" \/>\n<meta property=\"og:site_name\" content=\"Fibron\" \/>\n<meta property=\"article:publisher\" content=\"https:\/\/www.facebook.com\/profile.php?id=100063939133274\" \/>\n<meta property=\"article:modified_time\" content=\"2025-02-11T22:59:59+00:00\" \/>\n<meta name=\"twitter:card\" content=\"summary_large_image\" \/>\n<meta name=\"twitter:label1\" content=\"Tiempo de lectura\" \/>\n\t<meta name=\"twitter:data1\" content=\"5 minutos\" \/>\n<script type=\"application\/ld+json\" class=\"yoast-schema-graph\">{\"@context\":\"https:\/\/schema.org\",\"@graph\":[{\"@type\":\"WebPage\",\"@id\":\"https:\/\/fibron.com\/es\/politica-de-privacidad\",\"url\":\"https:\/\/fibron.com\/es\/politica-de-privacidad\",\"name\":\"Privacy Policy | How We Handle Data | Fibron\",\"isPartOf\":{\"@id\":\"https:\/\/fibron.com\/es#website\"},\"datePublished\":\"2022-12-13T10:41:02+00:00\",\"dateModified\":\"2025-02-11T22:59:59+00:00\",\"breadcrumb\":{\"@id\":\"https:\/\/fibron.com\/es\/politica-de-privacidad#breadcrumb\"},\"inLanguage\":\"es\",\"potentialAction\":[{\"@type\":\"ReadAction\",\"target\":[\"https:\/\/fibron.com\/es\/politica-de-privacidad\"]}]},{\"@type\":\"BreadcrumbList\",\"@id\":\"https:\/\/fibron.com\/es\/politica-de-privacidad#breadcrumb\",\"itemListElement\":[{\"@type\":\"ListItem\",\"position\":1,\"name\":\"Home\",\"item\":\"https:\/\/fibron.com\/es\"},{\"@type\":\"ListItem\",\"position\":2,\"name\":\"Pol\u00edtica de privacidad\"}]},{\"@type\":\"WebSite\",\"@id\":\"https:\/\/fibron.com\/es#website\",\"url\":\"https:\/\/fibron.com\/es\",\"name\":\"Fibron\",\"description\":\"Manufacturers of custom cables for oil &amp; gas industry\",\"publisher\":{\"@id\":\"https:\/\/fibron.com\/es#organization\"},\"potentialAction\":[{\"@type\":\"SearchAction\",\"target\":{\"@type\":\"EntryPoint\",\"urlTemplate\":\"https:\/\/fibron.com\/es?s={search_term_string}\"},\"query-input\":{\"@type\":\"PropertyValueSpecification\",\"valueRequired\":true,\"valueName\":\"search_term_string\"}}],\"inLanguage\":\"es\"},{\"@type\":\"Organization\",\"@id\":\"https:\/\/fibron.com\/es#organization\",\"name\":\"Fibron\",\"url\":\"https:\/\/fibron.com\/es\",\"logo\":{\"@type\":\"ImageObject\",\"inLanguage\":\"es\",\"@id\":\"https:\/\/fibron.com\/es#\/schema\/logo\/image\/\",\"url\":\"https:\/\/fibron202401.buildingsite.dev\/wp-content\/uploads\/2022\/12\/fibron-favicon.png\",\"contentUrl\":\"https:\/\/fibron202401.buildingsite.dev\/wp-content\/uploads\/2022\/12\/fibron-favicon.png\",\"width\":512,\"height\":512,\"caption\":\"Fibron\"},\"image\":{\"@id\":\"https:\/\/fibron.com\/es#\/schema\/logo\/image\/\"},\"sameAs\":[\"https:\/\/www.facebook.com\/profile.php?id=100063939133274\",\"https:\/\/uk.linkedin.com\/company\/fibron-b-x-ltd\"]}]}<\/script>\n<!-- \/ Yoast SEO plugin. -->","yoast_head_json":{"title":"Privacy Policy | How We Handle Data | Fibron","robots":{"index":"index","follow":"follow","max-snippet":"max-snippet:-1","max-image-preview":"max-image-preview:large","max-video-preview":"max-video-preview:-1"},"canonical":"https:\/\/fibron.com\/es\/politica-de-privacidad","og_locale":"es_ES","og_type":"article","og_title":"Privacy Policy | How We Handle Data | Fibron","og_description":"[vc_row type=\u00bbin_container\u00bb full_screen_row_position=\u00bbmiddle\u00bb column_margin=\u00bbdefault\u00bb column_direction=\u00bbdefault\u00bb column_direction_tablet=\u00bbdefault\u00bb column_direction_phone=\u00bbdefault\u00bb scene_position=\u00bbcenter\u00bb text_color=\u00bbdark\u00bb text_align=\u00bbleft\u00bb row_border_radius=\u00bbnone\u00bb row_border_radius_applies=\u00bbbg\u00bb overflow=\u00bbvisible\u00bb overlay_strength=\u00bb0.3\" gradient_direction=\u00bbleft_to_right\u00bb shape_divider_position=\u00bbbottom\u00bb bg_image_animation=\u00bbnone\u00bb][vc_column column_padding=\u00bbno-extra-padding\u00bb column_padding_tablet=\u00bbinherit\u00bb column_padding_phone=\u00bbinherit\u00bb column_padding_position=\u00bball\u00bb column_element_direction_desktop=\u00bbdefault\u00bb column_element_spacing=\u00bbdefault\u00bb desktop_text_alignment=\u00bbdefault\u00bb tablet_text_alignment=\u00bbdefault\u00bb phone_text_alignment=\u00bbdefault\u00bb background_color_opacity=\u00bb1\" background_hover_color_opacity=\u00bb1\" column_backdrop_filter=\u00bbnone\u00bb column_shadow=\u00bbnone\u00bb...","og_url":"https:\/\/fibron.com\/es\/politica-de-privacidad","og_site_name":"Fibron","article_publisher":"https:\/\/www.facebook.com\/profile.php?id=100063939133274","article_modified_time":"2025-02-11T22:59:59+00:00","twitter_card":"summary_large_image","twitter_misc":{"Tiempo de lectura":"5 minutos"},"schema":{"@context":"https:\/\/schema.org","@graph":[{"@type":"WebPage","@id":"https:\/\/fibron.com\/es\/politica-de-privacidad","url":"https:\/\/fibron.com\/es\/politica-de-privacidad","name":"Privacy Policy | How We Handle Data | Fibron","isPartOf":{"@id":"https:\/\/fibron.com\/es#website"},"datePublished":"2022-12-13T10:41:02+00:00","dateModified":"2025-02-11T22:59:59+00:00","breadcrumb":{"@id":"https:\/\/fibron.com\/es\/politica-de-privacidad#breadcrumb"},"inLanguage":"es","potentialAction":[{"@type":"ReadAction","target":["https:\/\/fibron.com\/es\/politica-de-privacidad"]}]},{"@type":"BreadcrumbList","@id":"https:\/\/fibron.com\/es\/politica-de-privacidad#breadcrumb","itemListElement":[{"@type":"ListItem","position":1,"name":"Home","item":"https:\/\/fibron.com\/es"},{"@type":"ListItem","position":2,"name":"Pol\u00edtica de privacidad"}]},{"@type":"WebSite","@id":"https:\/\/fibron.com\/es#website","url":"https:\/\/fibron.com\/es","name":"Fibron","description":"Manufacturers of custom cables for oil &amp; gas industry","publisher":{"@id":"https:\/\/fibron.com\/es#organization"},"potentialAction":[{"@type":"SearchAction","target":{"@type":"EntryPoint","urlTemplate":"https:\/\/fibron.com\/es?s={search_term_string}"},"query-input":{"@type":"PropertyValueSpecification","valueRequired":true,"valueName":"search_term_string"}}],"inLanguage":"es"},{"@type":"Organization","@id":"https:\/\/fibron.com\/es#organization","name":"Fibron","url":"https:\/\/fibron.com\/es","logo":{"@type":"ImageObject","inLanguage":"es","@id":"https:\/\/fibron.com\/es#\/schema\/logo\/image\/","url":"https:\/\/fibron202401.buildingsite.dev\/wp-content\/uploads\/2022\/12\/fibron-favicon.png","contentUrl":"https:\/\/fibron202401.buildingsite.dev\/wp-content\/uploads\/2022\/12\/fibron-favicon.png","width":512,"height":512,"caption":"Fibron"},"image":{"@id":"https:\/\/fibron.com\/es#\/schema\/logo\/image\/"},"sameAs":["https:\/\/www.facebook.com\/profile.php?id=100063939133274","https:\/\/uk.linkedin.com\/company\/fibron-b-x-ltd"]}]}},"_links":{"self":[{"href":"https:\/\/fibron.com\/es\/wp-json\/wp\/v2\/pages\/9749","targetHints":{"allow":["GET"]}}],"collection":[{"href":"https:\/\/fibron.com\/es\/wp-json\/wp\/v2\/pages"}],"about":[{"href":"https:\/\/fibron.com\/es\/wp-json\/wp\/v2\/types\/page"}],"author":[{"embeddable":true,"href":"https:\/\/fibron.com\/es\/wp-json\/wp\/v2\/users\/4"}],"replies":[{"embeddable":true,"href":"https:\/\/fibron.com\/es\/wp-json\/wp\/v2\/comments?post=9749"}],"version-history":[{"count":2,"href":"https:\/\/fibron.com\/es\/wp-json\/wp\/v2\/pages\/9749\/revisions"}],"predecessor-version":[{"id":10016,"href":"https:\/\/fibron.com\/es\/wp-json\/wp\/v2\/pages\/9749\/revisions\/10016"}],"wp:attachment":[{"href":"https:\/\/fibron.com\/es\/wp-json\/wp\/v2\/media?parent=9749"}],"curies":[{"name":"wp","href":"https:\/\/api.w.org\/{rel}","templated":true}]}}